{"id":1124,"date":"2026-03-21T21:20:53","date_gmt":"2026-03-21T20:20:53","guid":{"rendered":"https:\/\/ioer.org\/?page_id=1124"},"modified":"2026-03-21T21:22:25","modified_gmt":"2026-03-21T20:22:25","slug":"wendelin-werner","status":"publish","type":"page","link":"https:\/\/ioer.org\/?page_id=1124","title":{"rendered":"Wendelin Werner"},"content":{"rendered":"<div class=\"wp-block-image\">\n<figure class=\"alignleft size-medium\"><img loading=\"lazy\" decoding=\"async\" width=\"200\" height=\"300\" src=\"https:\/\/ioer.org\/wp-content\/uploads\/2026\/03\/Wendelin_Werner-200x300.jpg\" alt=\"Wendelin Werner\" class=\"wp-image-1123\" srcset=\"https:\/\/ioer.org\/wp-content\/uploads\/2026\/03\/Wendelin_Werner-200x300.jpg 200w, https:\/\/ioer.org\/wp-content\/uploads\/2026\/03\/Wendelin_Werner-367x550.jpg 367w, https:\/\/ioer.org\/wp-content\/uploads\/2026\/03\/Wendelin_Werner.jpg 581w\" sizes=\"auto, (max-width: 200px) 100vw, 200px\" \/><figcaption class=\"wp-element-caption\">Wendelin Werner<\/figcaption><\/figure>\n<\/div>\n\n\n<p>Geboren 1953 in Wiesbaden.<br>Ausbildung zum Tontechniker an der Schule f\u00fcr Rundfunktechnik<br>T\u00e4tigkeit beim Deutschlandfunk in K\u00f6ln<br>1980 Ausbildung zum Werkzeugmacher bei der Ford AG in K\u00f6ln<br>Seit 1982 beim WDR in K\u00f6ln im H\u00f6rfunk und seit 1990 im Fernsehen als Techniker t\u00e4tig<br>1996 zum Personalratsvorsitzenden gew\u00e4hlt und ab 1998 in dieser Funktion auch Mitglied des Verwaltungsrats des WDR<br>Ab 2003 Verantwortung f\u00fcr die Produktion in den Auslandsstudios des Senders<br>Von 2006 bis zum Ausscheiden 2014 Hauptabteilungsleiter Radiobetrieb<br>Bis heute Mitglied im Tarifausschuss von Ver.di im WDR<br>Mitarbeit bei der &#8222;Wandersitzung&#8220;, einer kabarettistischen Karnevalsveranstaltung<br>Filme und Texte zur Unterst\u00fctzung von Charity-Projekten<\/p>\n","protected":false},"excerpt":{"rendered":"<p>Geboren 1953 in Wiesbaden.Ausbildung zum Tontechniker an der Schule f\u00fcr RundfunktechnikT\u00e4tigkeit beim Deutschlandfunk in K\u00f6ln1980 Ausbildung zum Werkzeugmacher bei der Ford AG in K\u00f6lnSeit 1982 beim WDR in K\u00f6ln im H\u00f6rfunk und seit 1990 im Fernsehen als Techniker t\u00e4tig1996 zum Personalratsvorsitzenden gew\u00e4hlt und ab 1998 in dieser Funktion auch Mitglied des Verwaltungsrats des WDRAb 2003 Verantwortung f\u00fcr die Produktion in den Auslandsstudios des SendersVon 2006 bis zum Ausscheiden 2014 Hauptabteilungsleiter RadiobetriebBis heute Mitglied im Tarifausschuss von Ver.di im WDRMitarbeit bei der &#8222;Wandersitzung&#8220;, einer kabarettistischen KarnevalsveranstaltungFilme und Texte zur Unterst\u00fctzung von Charity-Projekten<a class=\"more-link\" href=\"https:\/\/ioer.org\/?page_id=1124\">WEITER \u261e<\/a><\/p>\n","protected":false},"author":3,"featured_media":1123,"parent":21,"menu_order":0,"comment_status":"closed","ping_status":"closed","template":"","meta":{"footnotes":""},"class_list":["entry","author-gberg","post-1124","page","type-page","status-publish","has-post-thumbnail"],"_links":{"self":[{"href":"https:\/\/ioer.org\/index.php?rest_route=\/wp\/v2\/pages\/1124","targetHints":{"allow":["GET"]}}],"collection":[{"href":"https:\/\/ioer.org\/index.php?rest_route=\/wp\/v2\/pages"}],"about":[{"href":"https:\/\/ioer.org\/index.php?rest_route=\/wp\/v2\/types\/page"}],"author":[{"embeddable":true,"href":"https:\/\/ioer.org\/index.php?rest_route=\/wp\/v2\/users\/3"}],"replies":[{"embeddable":true,"href":"https:\/\/ioer.org\/index.php?rest_route=%2Fwp%2Fv2%2Fcomments&post=1124"}],"version-history":[{"count":1,"href":"https:\/\/ioer.org\/index.php?rest_route=\/wp\/v2\/pages\/1124\/revisions"}],"predecessor-version":[{"id":1125,"href":"https:\/\/ioer.org\/index.php?rest_route=\/wp\/v2\/pages\/1124\/revisions\/1125"}],"up":[{"embeddable":true,"href":"https:\/\/ioer.org\/index.php?rest_route=\/wp\/v2\/pages\/21"}],"wp:featuredmedia":[{"embeddable":true,"href":"https:\/\/ioer.org\/index.php?rest_route=\/wp\/v2\/media\/1123"}],"wp:attachment":[{"href":"https:\/\/ioer.org\/index.php?rest_route=%2Fwp%2Fv2%2Fmedia&parent=1124"}],"curies":[{"name":"wp","href":"https:\/\/api.w.org\/{rel}","templated":true}]}}