{"id":1133,"date":"2026-04-07T16:46:38","date_gmt":"2026-04-07T14:46:38","guid":{"rendered":"https:\/\/ioer.org\/?page_id=1133"},"modified":"2026-04-07T16:52:57","modified_gmt":"2026-04-07T14:52:57","slug":"wilhelm-johannes-hoelzer","status":"publish","type":"page","link":"https:\/\/ioer.org\/?page_id=1133","title":{"rendered":"Wilhelm Johannes H\u00f6lzer"},"content":{"rendered":"<div class=\"wp-block-image\">\n<figure class=\"alignleft size-medium\"><img loading=\"lazy\" decoding=\"async\" width=\"200\" height=\"300\" src=\"https:\/\/ioer.org\/wp-content\/uploads\/2026\/04\/Hoelzer-200x300.jpg\" alt=\"\" class=\"wp-image-1135\" srcset=\"https:\/\/ioer.org\/wp-content\/uploads\/2026\/04\/Hoelzer-200x300.jpg 200w, https:\/\/ioer.org\/wp-content\/uploads\/2026\/04\/Hoelzer-683x1024.jpg 683w, https:\/\/ioer.org\/wp-content\/uploads\/2026\/04\/Hoelzer-768x1152.jpg 768w, https:\/\/ioer.org\/wp-content\/uploads\/2026\/04\/Hoelzer-367x550.jpg 367w, https:\/\/ioer.org\/wp-content\/uploads\/2026\/04\/Hoelzer.jpg 945w\" sizes=\"auto, (max-width: 200px) 100vw, 200px\" \/><\/figure>\n<\/div>\n\n\n<p>Geboren Januar 1951 in Wuppertal, verheiratet, 2 S\u00f6hne<\/p>\n\n\n\n<h2 class=\"wp-block-heading\"><strong>Studium und T\u00e4tigkeiten vor WDR-T\u00e4tigkeit<\/strong><\/h2>\n\n\n\n<p>1972 bis 1982 Studium Kunstp\u00e4dagogik, Germanistik, Medienp\u00e4dagogik (Lehramt),<\/p>\n\n\n\n<p>Soziologie, Psychologie, allgem. P\u00e4dagogik (Diplom).<\/p>\n\n\n\n<p>Thema der Diplomarbeit: <em>Kabelfernsehen-medienp\u00e4dagogische Aufgabe f\u00fcr Jugendarbeit !?<\/em><\/p>\n\n\n\n<p>Unterbrechung des Studiums f\u00fcr Zivildienst mit Ausbildung Krankenpflege,<\/p>\n\n\n\n<p>1978 bis 1984 Dozentent\u00e4tigkeit Didaktik und Bildungspolitik in der Ausbildung von LehrerInnen f\u00fcr Krankenpflegeschulen am Fortbildungsinstitut der \u00d6TV.<\/p>\n\n\n\n<p>1978 bis 1984 P\u00e4dagogische Mitarbeit beim Bildungswerk Stenden (u.a. Stendener Medientage).<\/p>\n\n\n\n<p>Als Vorsitzender eines Jugendverbandes (Dachverband) Mitglied im Vorstand des Stadtjugendrings Wuppertal und Mitglied im Jugendwohlfahrtsausschuss der Stadt Wuppertal, Mitautor am ersten Jugendhilfeplan der Stadt Wuppertal (Kapitel <em>Jugendmedienarbeit<\/em>)<\/p>\n\n\n\n<p>Texte zum Jugendmedienschutz und zur Medienethik<\/p>\n\n\n\n<h2 class=\"wp-block-heading\"><strong>T\u00e4tigkeiten beim WDR 1983 bis 2016<\/strong><\/h2>\n\n\n\n<p>1983 Manuskripterstellung zum Kabelpilotprojekt f\u00fcr die Sendeleitung des WDR und freie Mitarbeit f\u00fcr Hier und Heute.<\/p>\n\n\n\n<p>Mai 1984 bis Dezember 1990 Redakteur\/Reporter beim Kabelfunk Dortmund (einziges \u00f6ffentlich-rechtliches Kabelpilotprojekt, Sendestart Juni 1985).<\/p>\n\n\n\n<p>ab Januar 1991 Redakteur\/Reporter Landesstudio Dortmund Fernsehen,<\/p>\n\n\n\n<p>Arbeits-Portr\u00e4t im Schulbuch <em>Politik gestalten<\/em> f\u00fcr Sekundarstufe I <em>Ein Journalist berichtet<\/em><\/p>\n\n\n\n<p>M\u00e4rz 1996 bis Juni 2016 Redakteur\/Reporter Studio Wuppertal (Laborstudio f\u00fcr den WDR). Bildungsbeauftragter im Studio Wuppertal (Betreuung Volont\u00e4re und Praktikanten, \u201ePrimanertage\u201c, Schulbesuche)<\/p>\n\n\n\n<p>1996 bis 2016 zun\u00e4chst stv. Mitglied dann ordentl. Mitglied im Personalrat.<\/p>\n\n\n\n<p>2000 bis 2008 Mitglied im Beirat WDR-print<\/p>\n\n\n\n<h2 class=\"wp-block-heading\"><strong>Ehrenamtliche T\u00e4tigkeiten<\/strong><\/h2>\n\n\n\n<p>2001 bis 2014 Fachausschuss Rundfunk des Deutschen Journalistenverbandes NRW.<\/p>\n\n\n\n<p>2011 bis 2021 Vorsitzender des Bergischen Journalistenvereins.<\/p>\n\n\n\n<p>Seit 2023 Mitglied des Ehrengerichts des Deutschen Journalistenverbandes NRW.<\/p>\n\n\n\n<p>Seit 2016 mehrere Ehren\u00e4mter im Kultur-Bereich und der politischen Bildung<\/p>\n","protected":false},"excerpt":{"rendered":"<p>Geboren Januar 1951 in Wuppertal, verheiratet, 2 S\u00f6hne Studium und T\u00e4tigkeiten vor WDR-T\u00e4tigkeit 1972 bis 1982 Studium Kunstp\u00e4dagogik, Germanistik, Medienp\u00e4dagogik (Lehramt), Soziologie, Psychologie, allgem. P\u00e4dagogik (Diplom). Thema der Diplomarbeit: Kabelfernsehen-medienp\u00e4dagogische Aufgabe f\u00fcr Jugendarbeit !? Unterbrechung des Studiums f\u00fcr Zivildienst mit Ausbildung Krankenpflege, 1978 bis 1984 Dozentent\u00e4tigkeit Didaktik und Bildungspolitik in der Ausbildung von LehrerInnen f\u00fcr Krankenpflegeschulen am Fortbildungsinstitut der \u00d6TV. 1978 bis 1984 P\u00e4dagogische Mitarbeit beim Bildungswerk Stenden (u.a. Stendener Medientage). Als Vorsitzender eines Jugendverbandes (Dachverband) Mitglied im Vorstand des Stadtjugendrings Wuppertal und Mitglied im Jugendwohlfahrtsausschuss der Stadt Wuppertal, Mitautor am ersten Jugendhilfeplan der Stadt Wuppertal (Kapitel Jugendmedienarbeit) Texte zum Jugendmedienschutz und zur Medienethik T\u00e4tigkeiten<a class=\"more-link\" href=\"https:\/\/ioer.org\/?page_id=1133\">WEITER \u261e<\/a><\/p>\n","protected":false},"author":3,"featured_media":0,"parent":21,"menu_order":0,"comment_status":"closed","ping_status":"closed","template":"","meta":{"footnotes":""},"class_list":["entry","author-gberg","post-1133","page","type-page","status-publish"],"_links":{"self":[{"href":"https:\/\/ioer.org\/index.php?rest_route=\/wp\/v2\/pages\/1133","targetHints":{"allow":["GET"]}}],"collection":[{"href":"https:\/\/ioer.org\/index.php?rest_route=\/wp\/v2\/pages"}],"about":[{"href":"https:\/\/ioer.org\/index.php?rest_route=\/wp\/v2\/types\/page"}],"author":[{"embeddable":true,"href":"https:\/\/ioer.org\/index.php?rest_route=\/wp\/v2\/users\/3"}],"replies":[{"embeddable":true,"href":"https:\/\/ioer.org\/index.php?rest_route=%2Fwp%2Fv2%2Fcomments&post=1133"}],"version-history":[{"count":2,"href":"https:\/\/ioer.org\/index.php?rest_route=\/wp\/v2\/pages\/1133\/revisions"}],"predecessor-version":[{"id":1137,"href":"https:\/\/ioer.org\/index.php?rest_route=\/wp\/v2\/pages\/1133\/revisions\/1137"}],"up":[{"embeddable":true,"href":"https:\/\/ioer.org\/index.php?rest_route=\/wp\/v2\/pages\/21"}],"wp:attachment":[{"href":"https:\/\/ioer.org\/index.php?rest_route=%2Fwp%2Fv2%2Fmedia&parent=1133"}],"curies":[{"name":"wp","href":"https:\/\/api.w.org\/{rel}","templated":true}]}}