{"id":20,"date":"2017-06-29T18:41:07","date_gmt":"2017-06-29T16:41:07","guid":{"rendered":"http:\/\/ioer.org\/?page_id=20"},"modified":"2024-03-07T20:31:27","modified_gmt":"2024-03-07T19:31:27","slug":"unsere-ziele","status":"publish","type":"page","link":"https:\/\/ioer.org\/?page_id=20","title":{"rendered":"Unsere Ziele"},"content":{"rendered":"<p>Der 1994 gegr\u00fcndete Initiativkreis \u00f6ffentlich-rechtlicher Rundfunk K\u00f6ln setzt sich f\u00fcr einen leistungsf\u00e4higen \u00f6ffentlich-rechtlichen Rundfunk ein, wie er f\u00fcr die freie demokratische Meinungs- und Willensbildung und den gesellschaftlichen Zusammenhalt unerl\u00e4sslich ist. Er verwirklicht dieses Ziel insbesondere durch die Kooperation mit anderen Institutionen und Organisationen auf nationaler und internationaler Ebene, die sich f\u00fcr einen \u00f6ffentlich-rechtlichen Rundfunk engagieren. Der Initiativkreis beobachtet die medienpolitischen, medienrechtlichen, sozialen und technischen Rahmenbedingungen sowie die programmlichen Entwicklungen aus kritischer Distanz und verfasst\u00a0Stellungnahmen und Gutachten. Er f\u00fchrt Veranstaltungen durch, f\u00f6rdert\u00a0wissenschaftliche Forschungsarbeiten und Publikationen sowie andere\u00a0\u00f6ffentlichkeitswirksame Aktivit\u00e4ten, die der St\u00e4rkung und Fortentwicklung des \u00f6ffentlich-rechtlichen Rundfunks national und international dienen.<\/p>\n<p>Der Initiativkreis wird von einem Verein getragen, dessen <a href=\"https:\/\/ioer.org\/wp-content\/uploads\/2018\/10\/2017-02-Satzung.pdf\">Satzung<\/a> hier eingesehen werden kann. Um unsere Unabh\u00e4ngigkeit zu erhalten, erheben wir einen Mitgliedsbeitrag und w\u00fcrden uns auch \u00fcber Spenden freuen.<\/p>\n<p>Gleichgelagerte Interessen und eine davon gepr\u00e4gte Zusammenarbeit verbinden den K\u00f6lner Initiativkreis mit dem <a href=\"http:\/\/www.berlinkreisrund.de\/\">Berliner Initiativkreis<\/a>.<\/p>\n","protected":false},"excerpt":{"rendered":"<p>Der 1994 gegr\u00fcndete Initiativkreis \u00f6ffentlich-rechtlicher Rundfunk K\u00f6ln setzt sich f\u00fcr einen leistungsf\u00e4higen \u00f6ffentlich-rechtlichen Rundfunk ein, wie er f\u00fcr die freie demokratische Meinungs- und Willensbildung und den gesellschaftlichen Zusammenhalt unerl\u00e4sslich ist. Er verwirklicht dieses Ziel insbesondere durch die Kooperation mit anderen Institutionen und Organisationen auf nationaler und internationaler Ebene, die sich f\u00fcr einen \u00f6ffentlich-rechtlichen Rundfunk engagieren. Der Initiativkreis beobachtet die medienpolitischen, medienrechtlichen, sozialen und technischen Rahmenbedingungen sowie die programmlichen Entwicklungen aus kritischer Distanz und verfasst\u00a0Stellungnahmen und Gutachten. Er f\u00fchrt Veranstaltungen durch, f\u00f6rdert\u00a0wissenschaftliche Forschungsarbeiten und Publikationen sowie andere\u00a0\u00f6ffentlichkeitswirksame Aktivit\u00e4ten, die der St\u00e4rkung und Fortentwicklung des \u00f6ffentlich-rechtlichen Rundfunks national und international dienen. Der Initiativkreis wird von einem Verein<a class=\"more-link\" href=\"https:\/\/ioer.org\/?page_id=20\">WEITER \u261e<\/a><\/p>\n","protected":false},"author":1,"featured_media":0,"parent":0,"menu_order":0,"comment_status":"closed","ping_status":"closed","template":"","meta":{"footnotes":""},"class_list":["entry","author-horcrux","post-20","page","type-page","status-publish"],"_links":{"self":[{"href":"https:\/\/ioer.org\/index.php?rest_route=\/wp\/v2\/pages\/20","targetHints":{"allow":["GET"]}}],"collection":[{"href":"https:\/\/ioer.org\/index.php?rest_route=\/wp\/v2\/pages"}],"about":[{"href":"https:\/\/ioer.org\/index.php?rest_route=\/wp\/v2\/types\/page"}],"author":[{"embeddable":true,"href":"https:\/\/ioer.org\/index.php?rest_route=\/wp\/v2\/users\/1"}],"replies":[{"embeddable":true,"href":"https:\/\/ioer.org\/index.php?rest_route=%2Fwp%2Fv2%2Fcomments&post=20"}],"version-history":[{"count":7,"href":"https:\/\/ioer.org\/index.php?rest_route=\/wp\/v2\/pages\/20\/revisions"}],"predecessor-version":[{"id":1013,"href":"https:\/\/ioer.org\/index.php?rest_route=\/wp\/v2\/pages\/20\/revisions\/1013"}],"wp:attachment":[{"href":"https:\/\/ioer.org\/index.php?rest_route=%2Fwp%2Fv2%2Fmedia&parent=20"}],"curies":[{"name":"wp","href":"https:\/\/api.w.org\/{rel}","templated":true}]}}