{"id":287,"date":"2017-07-07T13:34:24","date_gmt":"2017-07-07T11:34:24","guid":{"rendered":"http:\/\/ioer.org\/?page_id=287"},"modified":"2023-11-17T13:03:27","modified_gmt":"2023-11-17T12:03:27","slug":"erika-bock-rosenthal","status":"publish","type":"page","link":"https:\/\/ioer.org\/?page_id=287","title":{"rendered":"Erika Bock-Rosenthal"},"content":{"rendered":"<h4>Prof. Dr. sc. pol. Erika Bock-Rosenthal,\u00a0Dipl.-Volksw.<\/h4>\n<p><img loading=\"lazy\" decoding=\"async\" class=\"alignnone size-medium wp-image-342\" src=\"https:\/\/ioer.org\/wp-content\/uploads\/2018\/02\/Bock-Rosenthal-e1520340678894-263x300.jpg\" alt=\"\" width=\"263\" height=\"300\" srcset=\"https:\/\/ioer.org\/wp-content\/uploads\/2018\/02\/Bock-Rosenthal-e1520340678894-263x300.jpg 263w, https:\/\/ioer.org\/wp-content\/uploads\/2018\/02\/Bock-Rosenthal-e1520340678894-768x877.jpg 768w, https:\/\/ioer.org\/wp-content\/uploads\/2018\/02\/Bock-Rosenthal-e1520340678894-897x1024.jpg 897w, https:\/\/ioer.org\/wp-content\/uploads\/2018\/02\/Bock-Rosenthal-e1520340678894-425x485.jpg 425w\" sizes=\"auto, (max-width: 263px) 100vw, 263px\" \/><\/p>\n<p><div>Geboren 1947 in Barkhausen (Kreis Minden), wohnt in Dortmund.<\/div>\n<p><div>Nach dem Studium der Soziologie und Volkswirtschaft Mitarbeit in mehreren\u00a0industriesoziologischen Forschungsprojekten an der Universit\u00e4t M\u00fcnster, Promotion in\u00a0Soziologie, Leitung des DFG-Projektes \u201eHochqualifizierte\u00a0Frauen in typischen M\u00e4nnerpositionen\u201c. Nach kurzer\u00a0T\u00e4tigkeit im Bereich \u00d6ffentlichkeitsarbeit, Wirtschafts-,\u00a0 und\u00a0Sozialpolitik bei der Handwerkskammer M\u00fcnster 1976 Berufung an\u00a0den Fachbereich Sozialwesen der Fachhochschule M\u00fcnster\u00a0f\u00fcr das Lehrgebiet \u201eSoziologie\u201c. Umfangreiche sozialwissenschaftliche Ver\u00f6ffentlichungen.<\/div>\n<p><div>Hochschulpolitische \u00c4mter; Dekanin des Fachbereichs Sozialwesen, Prorektorin f\u00fcr\u00a0Lehre, Studium und Studienreform, Entwicklung und Leitung eines\u00a0BLK-Modellstudiengangs \u201ePflegemanagement\u201c, 1995\u00a0Gr\u00fcndungsdekanin des Fachbereichs \u201ePflege und\u00a0Gesundheit\u201c sowie Gr\u00fcndungsvorsitzende einer\u00a0entsprechenden Bundesdekanekonferenz. Seit 2013 im Ruhestand.<\/div>\n<p><div><strong>Ehrenamtliches Engagement im Bereich der Medienpolitik<\/strong><\/div>\n<div>Vom 22.5.1987 bis\u00a030.11.2003 durchgehend Mitglied der Rundfunkkommission der Landesanstalt\u00a0f\u00fcr\u00a0Rundfunk NRW, anschlie\u00dfend Mitglied der Medienkommission der LfM NRW. \u00c4mter: 1988\u00a0bis 1989 Vorsitzende des Ad-hoc-Ausschusses f\u00fcr\u00a0Forschung\u00a0und bis 31.10.2002 Vorsitzende des \u201eAusschusses f\u00fcr\u00a0landesweite und in Kabelanlagen weiterverbreitete\u00a0Rundfunkprogramme\u201c.<\/div>\n<div>Ab dem 2.12.2003 bis Ende\u00a0November 2009 Mitglied des WDR-Rundfunkrats, Vorsitzende des\u00a0\u201eAusschusses f\u00fcr Rundfunkentwicklung\u201c und\u00a0stellvertretende Vorsitzende der \u201eKommission\u00a0Drei-Stufen-Test\u201c.<\/div>\n<div>Seit 2012 Vorsitzende des I\u00d6R.<\/div>\n","protected":false},"excerpt":{"rendered":"<p>Prof. Dr. sc. pol. Erika Bock-Rosenthal,\u00a0Dipl.-Volksw. Geboren 1947 in Barkhausen (Kreis Minden), wohnt in Dortmund. Nach dem Studium der Soziologie und Volkswirtschaft Mitarbeit in mehreren\u00a0industriesoziologischen Forschungsprojekten an der Universit\u00e4t M\u00fcnster, Promotion in\u00a0Soziologie, Leitung des DFG-Projektes \u201eHochqualifizierte\u00a0Frauen in typischen M\u00e4nnerpositionen\u201c. Nach kurzer\u00a0T\u00e4tigkeit im Bereich \u00d6ffentlichkeitsarbeit, Wirtschafts-,\u00a0 und\u00a0Sozialpolitik bei der Handwerkskammer M\u00fcnster 1976 Berufung an\u00a0den Fachbereich Sozialwesen der Fachhochschule M\u00fcnster\u00a0f\u00fcr das Lehrgebiet \u201eSoziologie\u201c. Umfangreiche sozialwissenschaftliche Ver\u00f6ffentlichungen. Hochschulpolitische \u00c4mter; Dekanin des Fachbereichs Sozialwesen, Prorektorin f\u00fcr\u00a0Lehre, Studium und Studienreform, Entwicklung und Leitung eines\u00a0BLK-Modellstudiengangs \u201ePflegemanagement\u201c, 1995\u00a0Gr\u00fcndungsdekanin des Fachbereichs \u201ePflege und\u00a0Gesundheit\u201c sowie Gr\u00fcndungsvorsitzende einer\u00a0entsprechenden Bundesdekanekonferenz. Seit 2013 im Ruhestand. Ehrenamtliches Engagement im Bereich der Medienpolitik Vom 22.5.1987 bis\u00a030.11.2003 durchgehend Mitglied der<a class=\"more-link\" href=\"https:\/\/ioer.org\/?page_id=287\">WEITER \u261e<\/a><\/p>\n","protected":false},"author":1,"featured_media":0,"parent":21,"menu_order":0,"comment_status":"closed","ping_status":"closed","template":"","meta":{"footnotes":""},"class_list":["entry","author-horcrux","post-287","page","type-page","status-publish"],"_links":{"self":[{"href":"https:\/\/ioer.org\/index.php?rest_route=\/wp\/v2\/pages\/287","targetHints":{"allow":["GET"]}}],"collection":[{"href":"https:\/\/ioer.org\/index.php?rest_route=\/wp\/v2\/pages"}],"about":[{"href":"https:\/\/ioer.org\/index.php?rest_route=\/wp\/v2\/types\/page"}],"author":[{"embeddable":true,"href":"https:\/\/ioer.org\/index.php?rest_route=\/wp\/v2\/users\/1"}],"replies":[{"embeddable":true,"href":"https:\/\/ioer.org\/index.php?rest_route=%2Fwp%2Fv2%2Fcomments&post=287"}],"version-history":[{"count":14,"href":"https:\/\/ioer.org\/index.php?rest_route=\/wp\/v2\/pages\/287\/revisions"}],"predecessor-version":[{"id":998,"href":"https:\/\/ioer.org\/index.php?rest_route=\/wp\/v2\/pages\/287\/revisions\/998"}],"up":[{"embeddable":true,"href":"https:\/\/ioer.org\/index.php?rest_route=\/wp\/v2\/pages\/21"}],"wp:attachment":[{"href":"https:\/\/ioer.org\/index.php?rest_route=%2Fwp%2Fv2%2Fmedia&parent=287"}],"curies":[{"name":"wp","href":"https:\/\/api.w.org\/{rel}","templated":true}]}}