{"id":303,"date":"2017-07-07T14:20:24","date_gmt":"2017-07-07T12:20:24","guid":{"rendered":"http:\/\/ioer.org\/?page_id=303"},"modified":"2018-05-01T13:28:37","modified_gmt":"2018-05-01T11:28:37","slug":"jochen-boerger","status":"publish","type":"page","link":"https:\/\/ioer.org\/?page_id=303","title":{"rendered":"Jochen B\u00f6rger"},"content":{"rendered":"<h3>Jochen B\u00f6rger<\/h3>\n<div><img loading=\"lazy\" decoding=\"async\" class=\"alignnone size-medium wp-image-344\" src=\"https:\/\/ioer.org\/wp-content\/uploads\/2018\/02\/b\u00f6rger-e1520439957741-263x300.jpg\" alt=\"\" width=\"263\" height=\"300\" srcset=\"https:\/\/ioer.org\/wp-content\/uploads\/2018\/02\/b\u00f6rger-e1520439957741-263x300.jpg 263w, https:\/\/ioer.org\/wp-content\/uploads\/2018\/02\/b\u00f6rger-e1520439957741-768x877.jpg 768w, https:\/\/ioer.org\/wp-content\/uploads\/2018\/02\/b\u00f6rger-e1520439957741-897x1024.jpg 897w, https:\/\/ioer.org\/wp-content\/uploads\/2018\/02\/b\u00f6rger-e1520439957741-425x485.jpg 425w\" sizes=\"auto, (max-width: 263px) 100vw, 263px\" \/><\/div>\n<div><\/div>\n<div>Geboren 18.04.1938, verheiratet, lebt in Wuppertal.<\/div>\n<div>Postausbildung als Beamter, dann jedoch von 1972 bis 2003 beurlaubt ohne Bez\u00fcge<\/div>\n<div>\u201ef\u00fcr \u00d6ffentliche Belange, an denen ein dienstliches Interesse besteht\u201c.<\/div>\n<ul>\n<li>\n<div>Landesbildungsreferent<\/div>\n<\/li>\n<li>\n<div>Landesgesch\u00e4ftsf\u00fchrer und Beauftragter f\u00fcr Internationale Arbeit<\/div>\n<\/li>\n<\/ul>\n<div>Mitarbeit in Jugendverb\u00e4nden in NRW<\/div>\n<ul>\n<li>\n<div>Vorstandsmitglied des Landesjugendringes (LJR)<\/div>\n<\/li>\n<li>\n<div>Vertreter des LJR in der Rundfunk- \/ Medienkommission<\/div>\n<\/li>\n<li>\n<div>Mitglied im WDR-Rundfunkrat und dessen Programmausschuss<\/div>\n<\/li>\n<li>\n<div>Seit 1973 Mitglied der CDU und der CDA<\/div>\n<\/li>\n<li>\n<div>1993\/2003 Landesvorsitzender CDA-DBB AG, danach<\/div>\n<\/li>\n<li>\n<div>2004 Landesehrenvorsitzender<\/div>\n<\/li>\n<li>\n<div>Vorstandsmitglied Stegerwaldbund<\/div>\n<\/li>\n<\/ul>\n<div>Tr\u00e4ger des Bundesverdienstordens und verschiedener internationaler Auszeichnungen.<\/div>\n","protected":false},"excerpt":{"rendered":"<p>Jochen B\u00f6rger Geboren 18.04.1938, verheiratet, lebt in Wuppertal. Postausbildung als Beamter, dann jedoch von 1972 bis 2003 beurlaubt ohne Bez\u00fcge \u201ef\u00fcr \u00d6ffentliche Belange, an denen ein dienstliches Interesse besteht\u201c. Landesbildungsreferent Landesgesch\u00e4ftsf\u00fchrer und Beauftragter f\u00fcr Internationale Arbeit Mitarbeit in Jugendverb\u00e4nden in NRW Vorstandsmitglied des Landesjugendringes (LJR) Vertreter des LJR in der Rundfunk- \/ Medienkommission Mitglied im WDR-Rundfunkrat und dessen Programmausschuss Seit 1973 Mitglied der CDU und der CDA 1993\/2003 Landesvorsitzender CDA-DBB AG, danach 2004 Landesehrenvorsitzender Vorstandsmitglied Stegerwaldbund Tr\u00e4ger des Bundesverdienstordens und verschiedener internationaler Auszeichnungen.<a class=\"more-link\" href=\"https:\/\/ioer.org\/?page_id=303\">WEITER \u261e<\/a><\/p>\n","protected":false},"author":1,"featured_media":0,"parent":21,"menu_order":0,"comment_status":"closed","ping_status":"closed","template":"","meta":{"footnotes":""},"class_list":["entry","author-horcrux","post-303","page","type-page","status-publish"],"_links":{"self":[{"href":"https:\/\/ioer.org\/index.php?rest_route=\/wp\/v2\/pages\/303","targetHints":{"allow":["GET"]}}],"collection":[{"href":"https:\/\/ioer.org\/index.php?rest_route=\/wp\/v2\/pages"}],"about":[{"href":"https:\/\/ioer.org\/index.php?rest_route=\/wp\/v2\/types\/page"}],"author":[{"embeddable":true,"href":"https:\/\/ioer.org\/index.php?rest_route=\/wp\/v2\/users\/1"}],"replies":[{"embeddable":true,"href":"https:\/\/ioer.org\/index.php?rest_route=%2Fwp%2Fv2%2Fcomments&post=303"}],"version-history":[{"count":3,"href":"https:\/\/ioer.org\/index.php?rest_route=\/wp\/v2\/pages\/303\/revisions"}],"predecessor-version":[{"id":459,"href":"https:\/\/ioer.org\/index.php?rest_route=\/wp\/v2\/pages\/303\/revisions\/459"}],"up":[{"embeddable":true,"href":"https:\/\/ioer.org\/index.php?rest_route=\/wp\/v2\/pages\/21"}],"wp:attachment":[{"href":"https:\/\/ioer.org\/index.php?rest_route=%2Fwp%2Fv2%2Fmedia&parent=303"}],"curies":[{"name":"wp","href":"https:\/\/api.w.org\/{rel}","templated":true}]}}