{"id":305,"date":"2017-07-07T14:22:18","date_gmt":"2017-07-07T12:22:18","guid":{"rendered":"http:\/\/ioer.org\/?page_id=305"},"modified":"2018-03-15T12:22:12","modified_gmt":"2018-03-15T11:22:12","slug":"anke-bohnsack","status":"publish","type":"page","link":"https:\/\/ioer.org\/?page_id=305","title":{"rendered":"Anke Bohnsack"},"content":{"rendered":"<h4>Anke Bohnsack<\/h4>\n<p><img loading=\"lazy\" decoding=\"async\" class=\"alignnone size-medium wp-image-343\" src=\"https:\/\/ioer.org\/wp-content\/uploads\/2018\/02\/bohnsack-e1520440117150-263x300.jpg\" alt=\"\" width=\"263\" height=\"300\" srcset=\"https:\/\/ioer.org\/wp-content\/uploads\/2018\/02\/bohnsack-e1520440117150-263x300.jpg 263w, https:\/\/ioer.org\/wp-content\/uploads\/2018\/02\/bohnsack-e1520440117150-768x877.jpg 768w, https:\/\/ioer.org\/wp-content\/uploads\/2018\/02\/bohnsack-e1520440117150-897x1024.jpg 897w, https:\/\/ioer.org\/wp-content\/uploads\/2018\/02\/bohnsack-e1520440117150-425x485.jpg 425w\" sizes=\"auto, (max-width: 263px) 100vw, 263px\" \/><\/p>\n<p>Jahrgang 1944, verheiratet, verheiratet, wohnt in Bonn-Beuel.<\/p>\n<div>Ausbildungen in der hamburgischen Verwaltung von 1959 bis 1971(Angestelltenlehre, Aufstiegslehrg\u00e4nge mittlerer und gehobener Dienst).<\/div>\n<div>Studium an der Hochschule f\u00fcr Wirtschaft und Politik, Hamburg, (grad.Sozialwirtin), Fortsetzung an der Philipps-Universit\u00e4t Marburg (Diplom in Soziologie).<\/div>\n<div>Freiberufliche T\u00e4tigkeit in der politischen Erwachsenenbildung von 1974 bis 1985.<\/div>\n<div>Vertretung der Leiterin der Gesch\u00e4ftsstelle des WDR-Rundfunkrats 1983\/1984.<\/div>\n<div>Referentin im Arbeitskreis Gleichstellung der Frau \/SPD-Bundestagsfraktion (Teilzeit) 1985 bis 1988.<\/div>\n<div>Hauptsachbearbeiterin, sp\u00e4ter Leiterin der Gesch\u00e4ftsstelle des WDR- Rundfunkrats von 1988 bis 2009.<\/div>\n<div>Mitwirkung in der Rock&#8217;n Rollator Show seit 2011, damals am Theater Bonn, jetzt Haus der Springmaus und anderen B\u00fchnen( z.B. K\u00f6ln, D\u00fcsseldorf, Oberhausen). Mitsing-Aktivit\u00e4ten in Bonner Seniorenzentren.<\/div>\n","protected":false},"excerpt":{"rendered":"<p>Anke Bohnsack Jahrgang 1944, verheiratet, verheiratet, wohnt in Bonn-Beuel. Ausbildungen in der hamburgischen Verwaltung von 1959 bis 1971(Angestelltenlehre, Aufstiegslehrg\u00e4nge mittlerer und gehobener Dienst). Studium an der Hochschule f\u00fcr Wirtschaft und Politik, Hamburg, (grad.Sozialwirtin), Fortsetzung an der Philipps-Universit\u00e4t Marburg (Diplom in Soziologie). Freiberufliche T\u00e4tigkeit in der politischen Erwachsenenbildung von 1974 bis 1985. Vertretung der Leiterin der Gesch\u00e4ftsstelle des WDR-Rundfunkrats 1983\/1984. Referentin im Arbeitskreis Gleichstellung der Frau \/SPD-Bundestagsfraktion (Teilzeit) 1985 bis 1988. Hauptsachbearbeiterin, sp\u00e4ter Leiterin der Gesch\u00e4ftsstelle des WDR- Rundfunkrats von 1988 bis 2009. Mitwirkung in der Rock&#8217;n Rollator Show seit 2011, damals am Theater Bonn, jetzt Haus der Springmaus und anderen B\u00fchnen( z.B. K\u00f6ln, D\u00fcsseldorf, Oberhausen).<a class=\"more-link\" href=\"https:\/\/ioer.org\/?page_id=305\">WEITER \u261e<\/a><\/p>\n","protected":false},"author":1,"featured_media":0,"parent":21,"menu_order":0,"comment_status":"closed","ping_status":"closed","template":"","meta":{"footnotes":""},"class_list":["entry","author-horcrux","post-305","page","type-page","status-publish"],"_links":{"self":[{"href":"https:\/\/ioer.org\/index.php?rest_route=\/wp\/v2\/pages\/305","targetHints":{"allow":["GET"]}}],"collection":[{"href":"https:\/\/ioer.org\/index.php?rest_route=\/wp\/v2\/pages"}],"about":[{"href":"https:\/\/ioer.org\/index.php?rest_route=\/wp\/v2\/types\/page"}],"author":[{"embeddable":true,"href":"https:\/\/ioer.org\/index.php?rest_route=\/wp\/v2\/users\/1"}],"replies":[{"embeddable":true,"href":"https:\/\/ioer.org\/index.php?rest_route=%2Fwp%2Fv2%2Fcomments&post=305"}],"version-history":[{"count":7,"href":"https:\/\/ioer.org\/index.php?rest_route=\/wp\/v2\/pages\/305\/revisions"}],"predecessor-version":[{"id":447,"href":"https:\/\/ioer.org\/index.php?rest_route=\/wp\/v2\/pages\/305\/revisions\/447"}],"up":[{"embeddable":true,"href":"https:\/\/ioer.org\/index.php?rest_route=\/wp\/v2\/pages\/21"}],"wp:attachment":[{"href":"https:\/\/ioer.org\/index.php?rest_route=%2Fwp%2Fv2%2Fmedia&parent=305"}],"curies":[{"name":"wp","href":"https:\/\/api.w.org\/{rel}","templated":true}]}}