{"id":377,"date":"2018-03-07T17:50:12","date_gmt":"2018-03-07T16:50:12","guid":{"rendered":"http:\/\/ioer.org\/?page_id=377"},"modified":"2026-04-07T16:56:22","modified_gmt":"2026-04-07T14:56:22","slug":"georg-berg","status":"publish","type":"page","link":"https:\/\/ioer.org\/?page_id=377","title":{"rendered":"Georg Berg"},"content":{"rendered":"\n<h4 class=\"wp-block-heading\">Georg Berg<\/h4>\n\n\n<div class=\"wp-block-image\">\n<figure class=\"alignleft\"><img loading=\"lazy\" decoding=\"async\" width=\"254\" height=\"300\" src=\"https:\/\/ioer.org\/wp-content\/uploads\/2018\/02\/berg-e1520440202843-254x300.jpg\" alt=\"Georg Berg \u00a9WDR\/Sachs\" class=\"wp-image-341\" srcset=\"https:\/\/ioer.org\/wp-content\/uploads\/2018\/02\/berg-e1520440202843-254x300.jpg 254w, https:\/\/ioer.org\/wp-content\/uploads\/2018\/02\/berg-e1520440202843-768x906.jpg 768w, https:\/\/ioer.org\/wp-content\/uploads\/2018\/02\/berg-e1520440202843-868x1024.jpg 868w, https:\/\/ioer.org\/wp-content\/uploads\/2018\/02\/berg-e1520440202843-425x501.jpg 425w\" sizes=\"auto, (max-width: 254px) 100vw, 254px\" \/><\/figure>\n<\/div>\n\n\n<p>Geboren 1955 in Kempen am Niederrhein, verheiratet zwei S\u00f6hne. Wohnhaft in Grevenbroich.<\/p>\n\n\n\n<p>Nach dem Staatsexamen in Chemie und Philosophie an der Universit\u00e4t K\u00f6ln freiberufliche T\u00e4tigkeit in verschiedenen Filmprojekten.<\/p>\n\n\n\n<p>Von 1983 bis 2017 verschiedene berufliche Stationen&nbsp;beim WDR: Zun\u00e4chst als Kameramann im Studio Bielefeld zuletzt als Medienentwickler und Redakteur zust\u00e4ndig f\u00fcr investigative Recherchen und CvD in der Internet-Redaktion.<\/p>\n\n\n\n<p>Von 1990 bis 1998 Lehrauftrag an der Universit\u00e4t Gesamthochschule Siegen im Studiengang Medien-Planung, -Entwicklung und -Beratung.<\/p>\n\n\n\n<p>1993 Kameramann des ersten kurdischen Spielfilms &#8222;Siyabend \u00f9 X\u00e8ce&#8220;.<\/p>\n\n\n\n<p>1995 Redaktion der Online-Galerie \u201eKunstd\u00fcnger\/Lustgarten\u201c die im Lauf von zehn Jahren 997 Milliarden Seitenaufrufe verzeichnet hat und damit zur Avantgarde der Online-Communitys z\u00e4hlt.<\/p>\n\n\n\n<p>1995 Initialisator des internationalen WDR-Medien-Preises <em>Cyberstar<\/em>.<\/p>\n\n\n\n<p>1999 Auszeichnung mit dem Goldenen Gordischen Webknoten f\u00fcr die von ihm initiierte barrierefreie Ausrichtung des WDR-Internetauftritts.<\/p>\n\n\n\n<p>Von 2001 bis 2017 im WDR Mitglied der Redakteursvertretung.<\/p>\n\n\n\n<p>Von 2009 bis 2016 Sprecher der Arbeitsgemeinschaft der \u00f6ffentlich-rechtlichen Redakteursaussch\u00fcsse.<\/p>\n\n\n\n<p>Seit 2016 <a href=\"https:\/\/tellerrandstories.de\/author\/georg\/\" target=\"_blank\" rel=\"noreferrer noopener\">Foto-Reportagen<\/a> und -Ausstellungen.<\/p>\n\n\n\n<p>Seit 2017 Herausgeber des viersprachigen Online-Magazins <a href=\"https:\/\/tellerrandstories.de\/\" target=\"_blank\" rel=\"noreferrer noopener\">Tellerrand-Stories<\/a>, das sich an Zielgruppen richtet, die \u00fcber den Tellerrand hinausblicken und offen f\u00fcr neue Perspektiven und Erfahrungen sind.<\/p>\n","protected":false},"excerpt":{"rendered":"<p>Georg Berg Geboren 1955 in Kempen am Niederrhein, verheiratet zwei S\u00f6hne. Wohnhaft in Grevenbroich. Nach dem Staatsexamen in Chemie und Philosophie an der Universit\u00e4t K\u00f6ln freiberufliche T\u00e4tigkeit in verschiedenen Filmprojekten. Von 1983 bis 2017 verschiedene berufliche Stationen&nbsp;beim WDR: Zun\u00e4chst als Kameramann im Studio Bielefeld zuletzt als Medienentwickler und Redakteur zust\u00e4ndig f\u00fcr investigative Recherchen und CvD in der Internet-Redaktion. Von 1990 bis 1998 Lehrauftrag an der Universit\u00e4t Gesamthochschule Siegen im Studiengang Medien-Planung, -Entwicklung und -Beratung. 1993 Kameramann des ersten kurdischen Spielfilms &#8222;Siyabend \u00f9 X\u00e8ce&#8220;. 1995 Redaktion der Online-Galerie \u201eKunstd\u00fcnger\/Lustgarten\u201c die im Lauf von zehn Jahren 997 Milliarden Seitenaufrufe verzeichnet hat und damit zur Avantgarde der Online-Communitys<a class=\"more-link\" href=\"https:\/\/ioer.org\/?page_id=377\">WEITER \u261e<\/a><\/p>\n","protected":false},"author":1,"featured_media":341,"parent":21,"menu_order":0,"comment_status":"closed","ping_status":"closed","template":"","meta":{"footnotes":""},"class_list":["entry","author-horcrux","post-377","page","type-page","status-publish","has-post-thumbnail"],"_links":{"self":[{"href":"https:\/\/ioer.org\/index.php?rest_route=\/wp\/v2\/pages\/377","targetHints":{"allow":["GET"]}}],"collection":[{"href":"https:\/\/ioer.org\/index.php?rest_route=\/wp\/v2\/pages"}],"about":[{"href":"https:\/\/ioer.org\/index.php?rest_route=\/wp\/v2\/types\/page"}],"author":[{"embeddable":true,"href":"https:\/\/ioer.org\/index.php?rest_route=\/wp\/v2\/users\/1"}],"replies":[{"embeddable":true,"href":"https:\/\/ioer.org\/index.php?rest_route=%2Fwp%2Fv2%2Fcomments&post=377"}],"version-history":[{"count":15,"href":"https:\/\/ioer.org\/index.php?rest_route=\/wp\/v2\/pages\/377\/revisions"}],"predecessor-version":[{"id":1140,"href":"https:\/\/ioer.org\/index.php?rest_route=\/wp\/v2\/pages\/377\/revisions\/1140"}],"up":[{"embeddable":true,"href":"https:\/\/ioer.org\/index.php?rest_route=\/wp\/v2\/pages\/21"}],"wp:featuredmedia":[{"embeddable":true,"href":"https:\/\/ioer.org\/index.php?rest_route=\/wp\/v2\/media\/341"}],"wp:attachment":[{"href":"https:\/\/ioer.org\/index.php?rest_route=%2Fwp%2Fv2%2Fmedia&parent=377"}],"curies":[{"name":"wp","href":"https:\/\/api.w.org\/{rel}","templated":true}]}}