{"id":393,"date":"2018-03-07T21:05:08","date_gmt":"2018-03-07T20:05:08","guid":{"rendered":"http:\/\/ioer.org\/?page_id=393"},"modified":"2018-05-01T13:21:37","modified_gmt":"2018-05-01T11:21:37","slug":"reinhard-graetz","status":"publish","type":"page","link":"https:\/\/ioer.org\/?page_id=393","title":{"rendered":"Reinhard Gr\u00e4tz"},"content":{"rendered":"<h4>Reinhard Gr\u00e4tz<\/h4>\n<p><img loading=\"lazy\" decoding=\"async\" class=\"alignnone size-medium wp-image-435\" src=\"https:\/\/ioer.org\/wp-content\/uploads\/2018\/03\/graetz-1-e1525173678308-264x300.jpg\" alt=\"\" width=\"264\" height=\"300\" srcset=\"https:\/\/ioer.org\/wp-content\/uploads\/2018\/03\/graetz-1-e1525173678308-264x300.jpg 264w, https:\/\/ioer.org\/wp-content\/uploads\/2018\/03\/graetz-1-e1525173678308-768x874.jpg 768w, https:\/\/ioer.org\/wp-content\/uploads\/2018\/03\/graetz-1-e1525173678308-900x1024.jpg 900w, https:\/\/ioer.org\/wp-content\/uploads\/2018\/03\/graetz-1-e1525173678308-425x484.jpg 425w\" sizes=\"auto, (max-width: 264px) 100vw, 264px\" \/><\/p>\n<p>Dipl.-Ing., geboren 1940, verwitwet, lebt in Wuppertal.<\/p>\n<p>Nach dem Besuch der Volksschule Lehre als Ofensetzer und Fliesenleger (Bundesbester Handwerksjugend 1957). Absolvierung der Mittleren Reife und Ingenieur-Studium.<\/p>\n<p>Betriebs-und Laboringenieur und bis 1980 Industrieforschung (Abteilungsleiter) in Ennepetal, Berlin und Essen.<\/p>\n<p>Von 1970 bis 2000 Landtagsabgeordneter in NRW, Ausschu\u00dfvorsitzender Schule, Kultur, Weiterbildung und Hauptausschu\u00df, stellvertretender Fraktionsvorsitzender, parlamentarischer Gesch\u00e4ftsf\u00fchrer.<\/p>\n<p>Von 1975 bis 1994 Mitglied im SPD-Landesvorstand, dort bildungs-und medienpolitischer Sprecher.<\/p>\n<p>1979 in den WDR-Rundfunkrat gew\u00e4hlt, 1981-85 Mitglied im WDR-Verwaltungsrat, 1985 &#8211; 2009 WDR-Rundfunkratsvorsitzender, 1991\/92 und 2001\/02 Vorsitzender der ARD-Gremienvorsitzendenkonferenz.<\/p>\n<p>Langj\u00e4hriger Aufsichtsratsvorsitzender in der Film-und Werbewirtschaft (Bavaria-M\u00fcnchen, Odeon-M\u00fcnchen, WDR-mediagroup-K\u00f6ln).<\/p>\n<p>1992 Mitgr\u00fcnder des I\u00d6R.<\/p>\n<p>Seit 1972 zahlreiche Ehren\u00e4mter besonders in den Bereichen Kultur und Politische Bildung.<\/p>\n<p>&nbsp;<\/p>\n","protected":false},"excerpt":{"rendered":"<p>Reinhard Gr\u00e4tz Dipl.-Ing., geboren 1940, verwitwet, lebt in Wuppertal. Nach dem Besuch der Volksschule Lehre als Ofensetzer und Fliesenleger (Bundesbester Handwerksjugend 1957). Absolvierung der Mittleren Reife und Ingenieur-Studium. Betriebs-und Laboringenieur und bis 1980 Industrieforschung (Abteilungsleiter) in Ennepetal, Berlin und Essen. Von 1970 bis 2000 Landtagsabgeordneter in NRW, Ausschu\u00dfvorsitzender Schule, Kultur, Weiterbildung und Hauptausschu\u00df, stellvertretender Fraktionsvorsitzender, parlamentarischer Gesch\u00e4ftsf\u00fchrer. Von 1975 bis 1994 Mitglied im SPD-Landesvorstand, dort bildungs-und medienpolitischer Sprecher. 1979 in den WDR-Rundfunkrat gew\u00e4hlt, 1981-85 Mitglied im WDR-Verwaltungsrat, 1985 &#8211; 2009 WDR-Rundfunkratsvorsitzender, 1991\/92 und 2001\/02 Vorsitzender der ARD-Gremienvorsitzendenkonferenz. Langj\u00e4hriger Aufsichtsratsvorsitzender in der Film-und Werbewirtschaft (Bavaria-M\u00fcnchen, Odeon-M\u00fcnchen, WDR-mediagroup-K\u00f6ln). 1992 Mitgr\u00fcnder des I\u00d6R. Seit 1972 zahlreiche Ehren\u00e4mter besonders<a class=\"more-link\" href=\"https:\/\/ioer.org\/?page_id=393\">WEITER \u261e<\/a><\/p>\n","protected":false},"author":1,"featured_media":0,"parent":21,"menu_order":0,"comment_status":"closed","ping_status":"closed","template":"","meta":{"footnotes":""},"class_list":["entry","author-horcrux","post-393","page","type-page","status-publish"],"_links":{"self":[{"href":"https:\/\/ioer.org\/index.php?rest_route=\/wp\/v2\/pages\/393","targetHints":{"allow":["GET"]}}],"collection":[{"href":"https:\/\/ioer.org\/index.php?rest_route=\/wp\/v2\/pages"}],"about":[{"href":"https:\/\/ioer.org\/index.php?rest_route=\/wp\/v2\/types\/page"}],"author":[{"embeddable":true,"href":"https:\/\/ioer.org\/index.php?rest_route=\/wp\/v2\/users\/1"}],"replies":[{"embeddable":true,"href":"https:\/\/ioer.org\/index.php?rest_route=%2Fwp%2Fv2%2Fcomments&post=393"}],"version-history":[{"count":6,"href":"https:\/\/ioer.org\/index.php?rest_route=\/wp\/v2\/pages\/393\/revisions"}],"predecessor-version":[{"id":457,"href":"https:\/\/ioer.org\/index.php?rest_route=\/wp\/v2\/pages\/393\/revisions\/457"}],"up":[{"embeddable":true,"href":"https:\/\/ioer.org\/index.php?rest_route=\/wp\/v2\/pages\/21"}],"wp:attachment":[{"href":"https:\/\/ioer.org\/index.php?rest_route=%2Fwp%2Fv2%2Fmedia&parent=393"}],"curies":[{"name":"wp","href":"https:\/\/api.w.org\/{rel}","templated":true}]}}