{"id":402,"date":"2018-03-07T21:20:44","date_gmt":"2018-03-07T20:20:44","guid":{"rendered":"http:\/\/ioer.org\/?page_id=402"},"modified":"2022-10-23T22:24:18","modified_gmt":"2022-10-23T20:24:18","slug":"martin-stock","status":"publish","type":"page","link":"https:\/\/ioer.org\/?page_id=402","title":{"rendered":"Martin Stock"},"content":{"rendered":"<h4>Prof. Dr. Martin Stock<\/h4>\n<p><img loading=\"lazy\" decoding=\"async\" class=\"alignnone size-medium wp-image-358\" src=\"https:\/\/ioer.org\/wp-content\/uploads\/2018\/02\/stock-e1520428401999-263x300.jpg\" alt=\"\" width=\"263\" height=\"300\" srcset=\"https:\/\/ioer.org\/wp-content\/uploads\/2018\/02\/stock-e1520428401999-263x300.jpg 263w, https:\/\/ioer.org\/wp-content\/uploads\/2018\/02\/stock-e1520428401999-768x876.jpg 768w, https:\/\/ioer.org\/wp-content\/uploads\/2018\/02\/stock-e1520428401999-898x1024.jpg 898w, https:\/\/ioer.org\/wp-content\/uploads\/2018\/02\/stock-e1520428401999-425x485.jpg 425w\" sizes=\"auto, (max-width: 263px) 100vw, 263px\" \/><\/p>\n<p>Geboren 1933, verheiratet, wohnt in Bielefeld.<\/p>\n<div>Studium der Rechtswissenschaft in G\u00f6ttingen, Berlin und M\u00fcnchen. Erste und zweite juristische Staatspr\u00fcfung. Promotion und Habilitation in M\u00fcnchen.<\/div>\n<div>Von 1980 bis 1998 Professor f\u00fcr Staats- und Verwaltungsrecht an der Fakult\u00e4t f\u00fcr Rechtswissenschaft der Universit\u00e4t Bielefeld, seither i.R.<\/div>\n<div>Ver\u00f6ffentlichte u. a.: \u201eZur Theorie des Koordinationsrundfunks\u201c (1981); \u201eKoordinationsrundfunk im Modellversuch\u201c (1981); \u201eMedienfreiheit als Funktionsgrundrecht&#8220; (1983); \u201eLandesmedienrecht im Wandel&#8220; (1986); \u201eNeues Privatrundfunkrecht\u201c (1987); \u201eNordrhein-Westf\u00e4lisches Rundfunkrecht\u201c (1993); \u201eMedienmarkt und Meinungsmacht\u201c, mit Horst R\u00f6per und Bernd Holznagel (1997); \u201eMedienfreiheit in der EU-Grundrechtscharta\u201c (2000); \u201eInnere Medienfreiheit: Ein modernes Konzept der Qualit\u00e4tssicherung\u201c (2001); \u201eIslam im Rundfunk &#8211; wie eigentlich?\u201c (2007).<\/div>\n<div>Von 1987 bis 2002 als Verbandsvertreter Mitglied der Rundfunkkommission der Landesanstalt f\u00fcr Rundfunk Nordrhein-Westfalen.<\/div>\n<div>Herr Prof. Dr. Stock ist am 11. Oktober 2022 verstorben. Der I\u00d6R wird seinem Gr\u00fcndungsmitglied ein w\u00fcrdiges Andenken bewahren.<\/div>\n","protected":false},"excerpt":{"rendered":"<p>Prof. Dr. Martin Stock Geboren 1933, verheiratet, wohnt in Bielefeld. Studium der Rechtswissenschaft in G\u00f6ttingen, Berlin und M\u00fcnchen. Erste und zweite juristische Staatspr\u00fcfung. Promotion und Habilitation in M\u00fcnchen. Von 1980 bis 1998 Professor f\u00fcr Staats- und Verwaltungsrecht an der Fakult\u00e4t f\u00fcr Rechtswissenschaft der Universit\u00e4t Bielefeld, seither i.R. Ver\u00f6ffentlichte u. a.: \u201eZur Theorie des Koordinationsrundfunks\u201c (1981); \u201eKoordinationsrundfunk im Modellversuch\u201c (1981); \u201eMedienfreiheit als Funktionsgrundrecht&#8220; (1983); \u201eLandesmedienrecht im Wandel&#8220; (1986); \u201eNeues Privatrundfunkrecht\u201c (1987); \u201eNordrhein-Westf\u00e4lisches Rundfunkrecht\u201c (1993); \u201eMedienmarkt und Meinungsmacht\u201c, mit Horst R\u00f6per und Bernd Holznagel (1997); \u201eMedienfreiheit in der EU-Grundrechtscharta\u201c (2000); \u201eInnere Medienfreiheit: Ein modernes Konzept der Qualit\u00e4tssicherung\u201c (2001); \u201eIslam im Rundfunk &#8211; wie eigentlich?\u201c (2007). Von 1987<a class=\"more-link\" href=\"https:\/\/ioer.org\/?page_id=402\">WEITER \u261e<\/a><\/p>\n","protected":false},"author":1,"featured_media":0,"parent":21,"menu_order":0,"comment_status":"closed","ping_status":"closed","template":"","meta":{"footnotes":""},"class_list":["entry","author-horcrux","post-402","page","type-page","status-publish"],"_links":{"self":[{"href":"https:\/\/ioer.org\/index.php?rest_route=\/wp\/v2\/pages\/402","targetHints":{"allow":["GET"]}}],"collection":[{"href":"https:\/\/ioer.org\/index.php?rest_route=\/wp\/v2\/pages"}],"about":[{"href":"https:\/\/ioer.org\/index.php?rest_route=\/wp\/v2\/types\/page"}],"author":[{"embeddable":true,"href":"https:\/\/ioer.org\/index.php?rest_route=\/wp\/v2\/users\/1"}],"replies":[{"embeddable":true,"href":"https:\/\/ioer.org\/index.php?rest_route=%2Fwp%2Fv2%2Fcomments&post=402"}],"version-history":[{"count":7,"href":"https:\/\/ioer.org\/index.php?rest_route=\/wp\/v2\/pages\/402\/revisions"}],"predecessor-version":[{"id":938,"href":"https:\/\/ioer.org\/index.php?rest_route=\/wp\/v2\/pages\/402\/revisions\/938"}],"up":[{"embeddable":true,"href":"https:\/\/ioer.org\/index.php?rest_route=\/wp\/v2\/pages\/21"}],"wp:attachment":[{"href":"https:\/\/ioer.org\/index.php?rest_route=%2Fwp%2Fv2%2Fmedia&parent=402"}],"curies":[{"name":"wp","href":"https:\/\/api.w.org\/{rel}","templated":true}]}}