{"id":411,"date":"2018-03-07T22:07:49","date_gmt":"2018-03-07T21:07:49","guid":{"rendered":"http:\/\/ioer.org\/?page_id=411"},"modified":"2024-12-10T17:46:34","modified_gmt":"2024-12-10T16:46:34","slug":"josef-eckhardt","status":"publish","type":"page","link":"https:\/\/ioer.org\/?page_id=411","title":{"rendered":"Josef Eckhardt &#x271d;\ufe0e"},"content":{"rendered":"<h4>\u00a0Dr. Josef Eckhardt &#x271d;\ufe0e<\/h4>\n<p><img loading=\"lazy\" decoding=\"async\" class=\"alignnone size-medium wp-image-345\" src=\"https:\/\/ioer.org\/wp-content\/uploads\/2018\/02\/Eckhart-e1520440016130-263x300.jpg\" alt=\"\" width=\"263\" height=\"300\" srcset=\"https:\/\/ioer.org\/wp-content\/uploads\/2018\/02\/Eckhart-e1520440016130-263x300.jpg 263w, https:\/\/ioer.org\/wp-content\/uploads\/2018\/02\/Eckhart-e1520440016130-768x877.jpg 768w, https:\/\/ioer.org\/wp-content\/uploads\/2018\/02\/Eckhart-e1520440016130-897x1024.jpg 897w, https:\/\/ioer.org\/wp-content\/uploads\/2018\/02\/Eckhart-e1520440016130-425x485.jpg 425w\" sizes=\"auto, (max-width: 263px) 100vw, 263px\" \/><\/p>\n<p>Geboren 1932 in Budapest, verheiratet seit 1955, wohnte in Troisdorf.<\/p>\n<p>Musikstudium an der Hochschule f\u00fcr Musik Budapest sowie Studium der Musikwissenschaft, Psychologie und Philosophie an der Universit\u00e4t zu K\u00f6ln.<\/p>\n<p>Berufliche T\u00e4tigkeiten: 1952-1975 Berufsmusiker u. a. in Budapest, M\u00fcnchen und K\u00f6ln, 1976 bis 1997 Medienreferent und Leiter der Medienforschung beim Westdeutschen Rundfunk K\u00f6ln, nach der Pensionierung als freier Medienberater in der ARD t\u00e4tig.<\/p>\n<p>1987 bis 2003 Mitgr\u00fcndung und ehrenamtliche Gesch\u00e4ftsf\u00fchrung des Europ\u00e4ischen CIVIS-Medienpreises f\u00fcr Integration und kulturelle Vielfalt.<\/p>\n<p>1989 bis 2003 Lehrauftrag f\u00fcr Musiksoziologie an der Hochschule f\u00fcr Musik K\u00f6ln.<\/p>\n<p>Zahlreiche Ver\u00f6ffentlichungen zu Inhalten und Methoden der Medienforschung.<\/p>\n<p>Bundesverdienstkreuz f\u00fcr wissenschaftliche und ehrenamtliche T\u00e4tigkeiten im Jahre 2000.<\/p>\n<p>Herr Dr. Eckhardt ist im Dezember 2024 verstorben. Der I\u00d6R wird seinem Gr\u00fcndungsmitglied ein w\u00fcrdiges Andenken bewahren.<\/p>\n","protected":false},"excerpt":{"rendered":"<p>\u00a0Dr. Josef Eckhardt &#x271d;\ufe0e Geboren 1932 in Budapest, verheiratet seit 1955, wohnte in Troisdorf. Musikstudium an der Hochschule f\u00fcr Musik Budapest sowie Studium der Musikwissenschaft, Psychologie und Philosophie an der Universit\u00e4t zu K\u00f6ln. Berufliche T\u00e4tigkeiten: 1952-1975 Berufsmusiker u. a. in Budapest, M\u00fcnchen und K\u00f6ln, 1976 bis 1997 Medienreferent und Leiter der Medienforschung beim Westdeutschen Rundfunk K\u00f6ln, nach der Pensionierung als freier Medienberater in der ARD t\u00e4tig. 1987 bis 2003 Mitgr\u00fcndung und ehrenamtliche Gesch\u00e4ftsf\u00fchrung des Europ\u00e4ischen CIVIS-Medienpreises f\u00fcr Integration und kulturelle Vielfalt. 1989 bis 2003 Lehrauftrag f\u00fcr Musiksoziologie an der Hochschule f\u00fcr Musik K\u00f6ln. Zahlreiche Ver\u00f6ffentlichungen zu Inhalten und Methoden der Medienforschung. Bundesverdienstkreuz f\u00fcr wissenschaftliche und<a class=\"more-link\" href=\"https:\/\/ioer.org\/?page_id=411\">WEITER \u261e<\/a><\/p>\n","protected":false},"author":1,"featured_media":0,"parent":21,"menu_order":0,"comment_status":"closed","ping_status":"closed","template":"","meta":{"footnotes":""},"class_list":["entry","author-horcrux","post-411","page","type-page","status-publish"],"_links":{"self":[{"href":"https:\/\/ioer.org\/index.php?rest_route=\/wp\/v2\/pages\/411","targetHints":{"allow":["GET"]}}],"collection":[{"href":"https:\/\/ioer.org\/index.php?rest_route=\/wp\/v2\/pages"}],"about":[{"href":"https:\/\/ioer.org\/index.php?rest_route=\/wp\/v2\/types\/page"}],"author":[{"embeddable":true,"href":"https:\/\/ioer.org\/index.php?rest_route=\/wp\/v2\/users\/1"}],"replies":[{"embeddable":true,"href":"https:\/\/ioer.org\/index.php?rest_route=%2Fwp%2Fv2%2Fcomments&post=411"}],"version-history":[{"count":8,"href":"https:\/\/ioer.org\/index.php?rest_route=\/wp\/v2\/pages\/411\/revisions"}],"predecessor-version":[{"id":1077,"href":"https:\/\/ioer.org\/index.php?rest_route=\/wp\/v2\/pages\/411\/revisions\/1077"}],"up":[{"embeddable":true,"href":"https:\/\/ioer.org\/index.php?rest_route=\/wp\/v2\/pages\/21"}],"wp:attachment":[{"href":"https:\/\/ioer.org\/index.php?rest_route=%2Fwp%2Fv2%2Fmedia&parent=411"}],"curies":[{"name":"wp","href":"https:\/\/api.w.org\/{rel}","templated":true}]}}