{"id":430,"date":"2018-03-07T22:38:59","date_gmt":"2018-03-07T21:38:59","guid":{"rendered":"http:\/\/ioer.org\/?page_id=430"},"modified":"2021-06-14T08:36:22","modified_gmt":"2021-06-14T06:36:22","slug":"ulrich-spies","status":"publish","type":"page","link":"https:\/\/ioer.org\/?page_id=430","title":{"rendered":"Ulrich Spies"},"content":{"rendered":"<h4>Dr. Ulrich Spies<\/h4>\n<div><img loading=\"lazy\" decoding=\"async\" class=\"alignnone size-medium wp-image-368\" src=\"https:\/\/ioer.org\/wp-content\/uploads\/2018\/03\/spies-e1520431298650-263x300.jpg\" alt=\"\" width=\"263\" height=\"300\" srcset=\"https:\/\/ioer.org\/wp-content\/uploads\/2018\/03\/spies-e1520431298650-263x300.jpg 263w, https:\/\/ioer.org\/wp-content\/uploads\/2018\/03\/spies-e1520431298650-768x877.jpg 768w, https:\/\/ioer.org\/wp-content\/uploads\/2018\/03\/spies-e1520431298650-897x1024.jpg 897w, https:\/\/ioer.org\/wp-content\/uploads\/2018\/03\/spies-e1520431298650-425x485.jpg 425w\" sizes=\"auto, (max-width: 263px) 100vw, 263px\" \/><br \/>\nGeburtsjahr 1947,\u00a0 verheiratet, Wohnort: 45768 Marl.<\/div>\n<div>Studium der Sozialwissenschaften und Jura, Georg August Universit\u00e4t G\u00f6ttingen und Johann Wolfgang von Goethe Universit\u00e4t Frankfurt\/Main. Abschluss: Diplom-Sozialwirt (Dipl. disc. Pol.) 1974.<\/div>\n<div>Promotion zum Dr. rer. pol an der Freien Universit\u00e4t Berlin 1982 im Fachbereich Philosophie und Wirtschaftswissenschaften.<\/div>\n<div>Als Medienwissenschaftler t\u00e4tig im Wissenschaftszentrum Berlin (Institut f\u00fcr Management und Verwaltung) 1975 bis 1981, und in der Gesellschaft f\u00fcr interdisziplin\u00e4re Sozialforschung Berlin (INTERSOFO GmbH).<\/div>\n<div>Danch im Adolf-Grimme-Institut, Marl, Leiter des Adolf-Grimme-Preises 1981 bis 2014.<\/div>\n<div>Ehrenvorsitzender des Vereins &#8222;Freunde des Adolf-Grimme-Preises e.V.&#8220;<\/div>\n<div>Stellv. Vorsitzender der &#8222;Ev. Akademie Recklinghausen e.V.&#8220;<\/div>\n<div>Erw. Vorstandsmitglied in der &#8222;Deutschen Akademie der Darstellenden K\u00fcnste&#8220;, Bensheim<\/div>\n<div>Vorstandsmitglied im &#8222;Verein zur F\u00f6rderung des Internationalen Kinder- und Jugendfilmfests in Marl&#8220;.<\/div>\n<div>Verschiedene Ehren\u00e4mter in Politik, Kirche und Soziales.<\/p>\n<\/div>\n","protected":false},"excerpt":{"rendered":"<p>Dr. Ulrich Spies Geburtsjahr 1947,\u00a0 verheiratet, Wohnort: 45768 Marl. Studium der Sozialwissenschaften und Jura, Georg August Universit\u00e4t G\u00f6ttingen und Johann Wolfgang von Goethe Universit\u00e4t Frankfurt\/Main. Abschluss: Diplom-Sozialwirt (Dipl. disc. Pol.) 1974. Promotion zum Dr. rer. pol an der Freien Universit\u00e4t Berlin 1982 im Fachbereich Philosophie und Wirtschaftswissenschaften. Als Medienwissenschaftler t\u00e4tig im Wissenschaftszentrum Berlin (Institut f\u00fcr Management und Verwaltung) 1975 bis 1981, und in der Gesellschaft f\u00fcr interdisziplin\u00e4re Sozialforschung Berlin (INTERSOFO GmbH). Danch im Adolf-Grimme-Institut, Marl, Leiter des Adolf-Grimme-Preises 1981 bis 2014. Ehrenvorsitzender des Vereins &#8222;Freunde des Adolf-Grimme-Preises e.V.&#8220; Stellv. Vorsitzender der &#8222;Ev. Akademie Recklinghausen e.V.&#8220; Erw. Vorstandsmitglied in der &#8222;Deutschen Akademie der Darstellenden K\u00fcnste&#8220;, Bensheim<a class=\"more-link\" href=\"https:\/\/ioer.org\/?page_id=430\">WEITER \u261e<\/a><\/p>\n","protected":false},"author":1,"featured_media":0,"parent":21,"menu_order":0,"comment_status":"closed","ping_status":"closed","template":"","meta":{"footnotes":""},"class_list":["entry","author-horcrux","post-430","page","type-page","status-publish"],"_links":{"self":[{"href":"https:\/\/ioer.org\/index.php?rest_route=\/wp\/v2\/pages\/430","targetHints":{"allow":["GET"]}}],"collection":[{"href":"https:\/\/ioer.org\/index.php?rest_route=\/wp\/v2\/pages"}],"about":[{"href":"https:\/\/ioer.org\/index.php?rest_route=\/wp\/v2\/types\/page"}],"author":[{"embeddable":true,"href":"https:\/\/ioer.org\/index.php?rest_route=\/wp\/v2\/users\/1"}],"replies":[{"embeddable":true,"href":"https:\/\/ioer.org\/index.php?rest_route=%2Fwp%2Fv2%2Fcomments&post=430"}],"version-history":[{"count":5,"href":"https:\/\/ioer.org\/index.php?rest_route=\/wp\/v2\/pages\/430\/revisions"}],"predecessor-version":[{"id":846,"href":"https:\/\/ioer.org\/index.php?rest_route=\/wp\/v2\/pages\/430\/revisions\/846"}],"up":[{"embeddable":true,"href":"https:\/\/ioer.org\/index.php?rest_route=\/wp\/v2\/pages\/21"}],"wp:attachment":[{"href":"https:\/\/ioer.org\/index.php?rest_route=%2Fwp%2Fv2%2Fmedia&parent=430"}],"curies":[{"name":"wp","href":"https:\/\/api.w.org\/{rel}","templated":true}]}}