{"id":461,"date":"2018-05-01T13:53:35","date_gmt":"2018-05-01T11:53:35","guid":{"rendered":"http:\/\/ioer.org\/?page_id=461"},"modified":"2018-05-01T14:02:37","modified_gmt":"2018-05-01T12:02:37","slug":"juergen-buessow","status":"publish","type":"page","link":"https:\/\/ioer.org\/?page_id=461","title":{"rendered":"J\u00fcrgen B\u00fcssow"},"content":{"rendered":"<h4>Hans J\u00fcrgen B\u00fcssow<\/h4>\n<p align=\"justify\"><img loading=\"lazy\" decoding=\"async\" class=\"alignnone size-medium wp-image-442\" src=\"https:\/\/ioer.org\/wp-content\/uploads\/2018\/03\/buessow-e1525175227856-262x300.jpg\" alt=\"\" width=\"262\" height=\"300\" srcset=\"https:\/\/ioer.org\/wp-content\/uploads\/2018\/03\/buessow-e1525175227856-262x300.jpg 262w, https:\/\/ioer.org\/wp-content\/uploads\/2018\/03\/buessow-e1525175227856-768x878.jpg 768w, https:\/\/ioer.org\/wp-content\/uploads\/2018\/03\/buessow-e1525175227856-896x1024.jpg 896w, https:\/\/ioer.org\/wp-content\/uploads\/2018\/03\/buessow-e1525175227856-425x486.jpg 425w\" sizes=\"auto, (max-width: 262px) 100vw, 262px\" \/><\/p>\n<p>Geboren am 1. April 1946 in Bad Godesberg.<\/p>\n<p>Von 1952 bis 1963 Besuch der Volksschule, dann Handwerkslehre mit Abschluss der Gesellenpr\u00fcfung in Bonn. Von\u00a01968 bis 1974 Studium der Sozialarbeit. Staatsexamen und Graduierung in Erziehungswissenschaften, Diplom-P\u00e4dagoge.<\/p>\n<p>Von 1975 bis 1977 Studienleiter der Erwachsenenbildung im Gustav-Stresemann-Institut, Europ\u00e4ische Akademie Lehrbach, Bergisch Gladbach. Danach von\u00a01977 bis 1981 Referatsleiter in der Hans-B\u00f6ckler-Stiftung, dem Mitbestimmungs- und F\u00f6rderungswerk des Deutschen Gewerkschaftsbundes.<\/p>\n<p>Mitglied des Landtages von Nordrhein-Westfalen von\u00a01975 bis 1995.<\/p>\n<p>Von November 1995 bis August 2010 Regierungspr\u00e4sident des Regierungsbezirks D\u00fcsseldorf in NRW.<\/p>\n","protected":false},"excerpt":{"rendered":"<p>Hans J\u00fcrgen B\u00fcssow Geboren am 1. April 1946 in Bad Godesberg. Von 1952 bis 1963 Besuch der Volksschule, dann Handwerkslehre mit Abschluss der Gesellenpr\u00fcfung in Bonn. Von\u00a01968 bis 1974 Studium der Sozialarbeit. Staatsexamen und Graduierung in Erziehungswissenschaften, Diplom-P\u00e4dagoge. Von 1975 bis 1977 Studienleiter der Erwachsenenbildung im Gustav-Stresemann-Institut, Europ\u00e4ische Akademie Lehrbach, Bergisch Gladbach. Danach von\u00a01977 bis 1981 Referatsleiter in der Hans-B\u00f6ckler-Stiftung, dem Mitbestimmungs- und F\u00f6rderungswerk des Deutschen Gewerkschaftsbundes. Mitglied des Landtages von Nordrhein-Westfalen von\u00a01975 bis 1995. Von November 1995 bis August 2010 Regierungspr\u00e4sident des Regierungsbezirks D\u00fcsseldorf in NRW.<a class=\"more-link\" href=\"https:\/\/ioer.org\/?page_id=461\">WEITER \u261e<\/a><\/p>\n","protected":false},"author":1,"featured_media":0,"parent":21,"menu_order":0,"comment_status":"closed","ping_status":"closed","template":"","meta":{"footnotes":""},"class_list":["entry","author-horcrux","post-461","page","type-page","status-publish"],"_links":{"self":[{"href":"https:\/\/ioer.org\/index.php?rest_route=\/wp\/v2\/pages\/461","targetHints":{"allow":["GET"]}}],"collection":[{"href":"https:\/\/ioer.org\/index.php?rest_route=\/wp\/v2\/pages"}],"about":[{"href":"https:\/\/ioer.org\/index.php?rest_route=\/wp\/v2\/types\/page"}],"author":[{"embeddable":true,"href":"https:\/\/ioer.org\/index.php?rest_route=\/wp\/v2\/users\/1"}],"replies":[{"embeddable":true,"href":"https:\/\/ioer.org\/index.php?rest_route=%2Fwp%2Fv2%2Fcomments&post=461"}],"version-history":[{"count":3,"href":"https:\/\/ioer.org\/index.php?rest_route=\/wp\/v2\/pages\/461\/revisions"}],"predecessor-version":[{"id":468,"href":"https:\/\/ioer.org\/index.php?rest_route=\/wp\/v2\/pages\/461\/revisions\/468"}],"up":[{"embeddable":true,"href":"https:\/\/ioer.org\/index.php?rest_route=\/wp\/v2\/pages\/21"}],"wp:attachment":[{"href":"https:\/\/ioer.org\/index.php?rest_route=%2Fwp%2Fv2%2Fmedia&parent=461"}],"curies":[{"name":"wp","href":"https:\/\/api.w.org\/{rel}","templated":true}]}}