{"id":470,"date":"2018-05-01T14:05:49","date_gmt":"2018-05-01T12:05:49","guid":{"rendered":"http:\/\/ioer.org\/?page_id=470"},"modified":"2018-05-01T14:05:59","modified_gmt":"2018-05-01T12:05:59","slug":"sabine-hadamik","status":"publish","type":"page","link":"https:\/\/ioer.org\/?page_id=470","title":{"rendered":"Sabine Hadamik"},"content":{"rendered":"<h4>Sabine Hadamik<\/h4>\n<p><img loading=\"lazy\" decoding=\"async\" class=\"alignnone size-medium wp-image-436\" src=\"https:\/\/ioer.org\/wp-content\/uploads\/2018\/03\/hadamik-e1525176329375-262x300.jpg\" alt=\"\" width=\"262\" height=\"300\" srcset=\"https:\/\/ioer.org\/wp-content\/uploads\/2018\/03\/hadamik-e1525176329375-262x300.jpg 262w, https:\/\/ioer.org\/wp-content\/uploads\/2018\/03\/hadamik-e1525176329375-768x878.jpg 768w, https:\/\/ioer.org\/wp-content\/uploads\/2018\/03\/hadamik-e1525176329375-896x1024.jpg 896w, https:\/\/ioer.org\/wp-content\/uploads\/2018\/03\/hadamik-e1525176329375-425x486.jpg 425w\" sizes=\"auto, (max-width: 262px) 100vw, 262px\" \/><\/p>\n<p>Rechtsanw\u00e4ltin. Studium der Germanistik und der Rechtswissenschaften an der Freien Universit\u00e4t Berlin. Abschluss des Jurastudiums und des Referendariats mit dem 1. und 2. juristischen Staatsexamen.<\/p>\n<p>Von 1973 bis 1978 wissenschaftliche Assistentin an der Freien Universit\u00e4t Berlin.<\/p>\n<p>Von 1978 bis 1987 in der Verwaltung des Deutschen Bundestages mit dem Thema Medien in verschiedenen Funktionen befasst, zun\u00e4chst als Gutachterin im wissenschaftlichen Dienst mit den Schwerpunkten Verfassungs- und Medienrecht, sp\u00e4ter als Referentin in der Enquete-Kommission \u201eNeue Informations- und Kommunikationstechniken\u201c, aber auch Leiterin des Sekretariats eines Untersuchungsausschusses.<\/p>\n<p>Von 1983 bis 1986 als beurlaubte Beamtin Referentin der Intendanten von Sell und Nowottny beim Westdeutschen Rundfunk K\u00f6ln. Aufgabenschwerpunkt: Konzepte zur Rolle des \u00f6ffentlich-rechtlichen Rundfunks in einem sich ver\u00e4ndernden medialen Umfeld (Einf\u00fchrung eines kommerziellen Rundfunksystems neben dem \u00f6ffentlich-rechtlichen Rundfunk in den 80er Jahren).<\/p>\n<p>Von 1987 bis 1999 als stellvertretende Direktorin und Justitiarin der Landesanstalt f\u00fcr Rundfunk NW (heute: Landesanstalt f\u00fcr Medien NW) f\u00fcr die Zulassung und Aufsicht privater Rundfunkveranstalter zust\u00e4ndig. In dieser Funktion Mitwirkung am Aufbau und an der Ausgestaltung des Lokalen H\u00f6rfunks sowie des B\u00fcrgerfunks in Nordrhein-Westfalen. Von 1993 bis 1995 auch Vorsitzende des Arbeitskreises Recht der Direktorenkonferenz der Landesmedienanstalten.<\/p>\n<p>Seit 2000 freiberuflich als Rechtsanw\u00e4ltin t\u00e4tig.<br \/>\nDaneben berufsbegleitendes Studium an der International Psychoanalytic University (IPU) in Berlin mit dem Abschluss Master of Arts (MA). Lehrveranstaltungen und Vortr\u00e4ge an den Universit\u00e4ten Bielefeld, Bochum, D\u00fcsseldorf und K\u00f6ln. Diverse Ver\u00f6ffentlichungen.<\/p>\n","protected":false},"excerpt":{"rendered":"<p>Sabine Hadamik Rechtsanw\u00e4ltin. Studium der Germanistik und der Rechtswissenschaften an der Freien Universit\u00e4t Berlin. Abschluss des Jurastudiums und des Referendariats mit dem 1. und 2. juristischen Staatsexamen. Von 1973 bis 1978 wissenschaftliche Assistentin an der Freien Universit\u00e4t Berlin. Von 1978 bis 1987 in der Verwaltung des Deutschen Bundestages mit dem Thema Medien in verschiedenen Funktionen befasst, zun\u00e4chst als Gutachterin im wissenschaftlichen Dienst mit den Schwerpunkten Verfassungs- und Medienrecht, sp\u00e4ter als Referentin in der Enquete-Kommission \u201eNeue Informations- und Kommunikationstechniken\u201c, aber auch Leiterin des Sekretariats eines Untersuchungsausschusses. Von 1983 bis 1986 als beurlaubte Beamtin Referentin der Intendanten von Sell und Nowottny beim Westdeutschen Rundfunk K\u00f6ln. Aufgabenschwerpunkt: Konzepte<a class=\"more-link\" href=\"https:\/\/ioer.org\/?page_id=470\">WEITER \u261e<\/a><\/p>\n","protected":false},"author":1,"featured_media":0,"parent":21,"menu_order":0,"comment_status":"closed","ping_status":"closed","template":"","meta":{"footnotes":""},"class_list":["entry","author-horcrux","post-470","page","type-page","status-publish"],"_links":{"self":[{"href":"https:\/\/ioer.org\/index.php?rest_route=\/wp\/v2\/pages\/470","targetHints":{"allow":["GET"]}}],"collection":[{"href":"https:\/\/ioer.org\/index.php?rest_route=\/wp\/v2\/pages"}],"about":[{"href":"https:\/\/ioer.org\/index.php?rest_route=\/wp\/v2\/types\/page"}],"author":[{"embeddable":true,"href":"https:\/\/ioer.org\/index.php?rest_route=\/wp\/v2\/users\/1"}],"replies":[{"embeddable":true,"href":"https:\/\/ioer.org\/index.php?rest_route=%2Fwp%2Fv2%2Fcomments&post=470"}],"version-history":[{"count":1,"href":"https:\/\/ioer.org\/index.php?rest_route=\/wp\/v2\/pages\/470\/revisions"}],"predecessor-version":[{"id":471,"href":"https:\/\/ioer.org\/index.php?rest_route=\/wp\/v2\/pages\/470\/revisions\/471"}],"up":[{"embeddable":true,"href":"https:\/\/ioer.org\/index.php?rest_route=\/wp\/v2\/pages\/21"}],"wp:attachment":[{"href":"https:\/\/ioer.org\/index.php?rest_route=%2Fwp%2Fv2%2Fmedia&parent=470"}],"curies":[{"name":"wp","href":"https:\/\/api.w.org\/{rel}","templated":true}]}}