{"id":476,"date":"2018-05-01T14:14:44","date_gmt":"2018-05-01T12:14:44","guid":{"rendered":"http:\/\/ioer.org\/?page_id=476"},"modified":"2018-05-01T14:14:55","modified_gmt":"2018-05-01T12:14:55","slug":"juergen-rosorius","status":"publish","type":"page","link":"https:\/\/ioer.org\/?page_id=476","title":{"rendered":"J\u00fcrgen Rosorius"},"content":{"rendered":"<h4>J\u00fcrgen Rosorius M. A.<\/h4>\n<p><img loading=\"lazy\" decoding=\"async\" class=\"alignnone size-medium wp-image-439\" src=\"https:\/\/ioer.org\/wp-content\/uploads\/2018\/03\/rosorius-e1525176854650-262x300.jpg\" alt=\"\" width=\"262\" height=\"300\" srcset=\"https:\/\/ioer.org\/wp-content\/uploads\/2018\/03\/rosorius-e1525176854650-262x300.jpg 262w, https:\/\/ioer.org\/wp-content\/uploads\/2018\/03\/rosorius-e1525176854650-768x878.jpg 768w, https:\/\/ioer.org\/wp-content\/uploads\/2018\/03\/rosorius-e1525176854650-896x1024.jpg 896w, https:\/\/ioer.org\/wp-content\/uploads\/2018\/03\/rosorius-e1525176854650-425x486.jpg 425w\" sizes=\"auto, (max-width: 262px) 100vw, 262px\" \/><\/p>\n<p>Geboren 1944 in Hamburg, verheiratet, zwei Kinder.<\/p>\n<p>Abitur 1964. Studium der Politischen Wissenschaft, Soziologie, Wirtschafts-, Verfassungs- und Sozialgeschichte an der Universit\u00e4t Bonn. 1972 Magister Artium (M. A.). Von 1968 bis 1969 Pr\u00e4sident des Bonner Studentenparlaments; 1969 bis 1970 AStA-Vorsitzender.<\/p>\n<p>Studienleiter der Karl-Arnold-Stiftung in Bonn-Bad Godesberg 1972 bis 1991. Von 1992 bis 1995 Leiter des Bildugswerks der Jakob-Kaiser-Stifung in Brandenburg. Seit 1996 Gesch\u00e4ftsf\u00fchrender Vorsitzender der Europ\u00e4ischen Studiengesellschaft e. V. in Siegburg.<br \/>\nMitglied des Rates der Stadt Bonn von 1975 bis 1979, Mitglied im Kulturausschuss von 1975 bis 1991. CDU-Abgeordneter des Landtags NRW und Mitglied im Ausschuss f\u00fcr Jugend, Familie und politische Bildung von 1975 bis 1985. Von 1980 bis 1985 Mitglied in der UCCE (Union der europ\u00e4ischen Hauptstadtregionen).<\/p>\n<p>Von 1985 bis 1.12.2009 Mitglied des WDR-Rundfunkrats. Vom 2.12.2009 bis 2016 Stellvertreter eines Mitglieds. Entsendungsbeauftragte Organisation war der Landtag NRW. Von 1992 bis 31.10.2010 Mitglied im Programmbeirat der ARTE Deutschland TV GmbH in Baden-Baden (Aufsichtsgremium des Europ\u00e4ischen Kulturkanals ARTE). Von 1997 bis zum 1.12.2009 stellvertretender Vorseitzender des Programmausschusses des WDR-Rundfunkrats.<\/p>\n<p>Ver\u00f6ffentlichungen:<br \/>\nDer Politiker Karl Arnold \u2013 Ministerpr\u00e4sident und Sozialreformer. Droste-Verlag 1982.<br \/>\nNationale Symbole und nationale Identit\u00e4t. Fernsehfilm Bayerischer Rundfunk 1989.<\/p>\n","protected":false},"excerpt":{"rendered":"<p>J\u00fcrgen Rosorius M. A. Geboren 1944 in Hamburg, verheiratet, zwei Kinder. Abitur 1964. Studium der Politischen Wissenschaft, Soziologie, Wirtschafts-, Verfassungs- und Sozialgeschichte an der Universit\u00e4t Bonn. 1972 Magister Artium (M. A.). Von 1968 bis 1969 Pr\u00e4sident des Bonner Studentenparlaments; 1969 bis 1970 AStA-Vorsitzender. Studienleiter der Karl-Arnold-Stiftung in Bonn-Bad Godesberg 1972 bis 1991. Von 1992 bis 1995 Leiter des Bildugswerks der Jakob-Kaiser-Stifung in Brandenburg. Seit 1996 Gesch\u00e4ftsf\u00fchrender Vorsitzender der Europ\u00e4ischen Studiengesellschaft e. V. in Siegburg. Mitglied des Rates der Stadt Bonn von 1975 bis 1979, Mitglied im Kulturausschuss von 1975 bis 1991. CDU-Abgeordneter des Landtags NRW und Mitglied im Ausschuss f\u00fcr Jugend, Familie und politische Bildung<a class=\"more-link\" href=\"https:\/\/ioer.org\/?page_id=476\">WEITER \u261e<\/a><\/p>\n","protected":false},"author":1,"featured_media":0,"parent":21,"menu_order":0,"comment_status":"closed","ping_status":"closed","template":"","meta":{"footnotes":""},"class_list":["entry","author-horcrux","post-476","page","type-page","status-publish"],"_links":{"self":[{"href":"https:\/\/ioer.org\/index.php?rest_route=\/wp\/v2\/pages\/476","targetHints":{"allow":["GET"]}}],"collection":[{"href":"https:\/\/ioer.org\/index.php?rest_route=\/wp\/v2\/pages"}],"about":[{"href":"https:\/\/ioer.org\/index.php?rest_route=\/wp\/v2\/types\/page"}],"author":[{"embeddable":true,"href":"https:\/\/ioer.org\/index.php?rest_route=\/wp\/v2\/users\/1"}],"replies":[{"embeddable":true,"href":"https:\/\/ioer.org\/index.php?rest_route=%2Fwp%2Fv2%2Fcomments&post=476"}],"version-history":[{"count":1,"href":"https:\/\/ioer.org\/index.php?rest_route=\/wp\/v2\/pages\/476\/revisions"}],"predecessor-version":[{"id":477,"href":"https:\/\/ioer.org\/index.php?rest_route=\/wp\/v2\/pages\/476\/revisions\/477"}],"up":[{"embeddable":true,"href":"https:\/\/ioer.org\/index.php?rest_route=\/wp\/v2\/pages\/21"}],"wp:attachment":[{"href":"https:\/\/ioer.org\/index.php?rest_route=%2Fwp%2Fv2%2Fmedia&parent=476"}],"curies":[{"name":"wp","href":"https:\/\/api.w.org\/{rel}","templated":true}]}}