{"id":480,"date":"2018-05-01T14:18:52","date_gmt":"2018-05-01T12:18:52","guid":{"rendered":"http:\/\/ioer.org\/?page_id=480"},"modified":"2022-04-12T19:16:48","modified_gmt":"2022-04-12T17:16:48","slug":"horst-schroeder-2","status":"publish","type":"page","link":"https:\/\/ioer.org\/?page_id=480","title":{"rendered":"Horst Schr\u00f6der &#x271d;\ufe0e"},"content":{"rendered":"<h4>Horst Schr\u00f6der<\/h4>\n<p><img loading=\"lazy\" decoding=\"async\" class=\"alignnone size-medium wp-image-440\" src=\"https:\/\/ioer.org\/wp-content\/uploads\/2018\/03\/schroeder-e1525177119664-264x300.jpg\" alt=\"\" width=\"264\" height=\"300\" srcset=\"https:\/\/ioer.org\/wp-content\/uploads\/2018\/03\/schroeder-e1525177119664-264x300.jpg 264w, https:\/\/ioer.org\/wp-content\/uploads\/2018\/03\/schroeder-e1525177119664-768x874.jpg 768w, https:\/\/ioer.org\/wp-content\/uploads\/2018\/03\/schroeder-e1525177119664-900x1024.jpg 900w, https:\/\/ioer.org\/wp-content\/uploads\/2018\/03\/schroeder-e1525177119664-425x484.jpg 425w\" sizes=\"auto, (max-width: 264px) 100vw, 264px\" \/><\/p>\n<p>Geboren 25. Februar 1938 in Hamburg<br \/>\nJetzt wohnhaft in K\u00f6nigswinter-Oberdollendorf<br \/>\n1957 Abitur am Wirtschaftsgymnasium in Hamburg<br \/>\n1957 bis 1959 Banklehre bei der Deutschen Bank AG<br \/>\n1960 bis 1965 Studium der Volkswirtschaftslehre und Bankbetriebslehre an den Universit\u00e4ten Hamburg und Kiel, Abschlu\u00df Diplom-Examen<br \/>\n1966 bis 1984 Mitarbeiter der Vereinsbank Hamburg\/Vereins- und Westbank AG (u.a. 1966 bis 1968 Gesch\u00e4ftsf\u00fchrer des Norddeutschen Bankenverbandes)<br \/>\n1984 bis 1989 Gesch\u00e4ftsf\u00fchrer der Deutschen Investitions- und Entwicklungsbank in K\u00f6ln<br \/>\n1989 bis 1991 Mitarbeiter einer Beteiligungsgesellschaft der Deutschen Lufthansa AG<br \/>\n1991 bis 2003 Pr\u00e4sident des Landesrechnungshofes Sachsen-Anhalt<br \/>\n1992 bis 2007 Mitglied der Kommission f\u00fcr die Ermittlung des Finanzbedarfs der \u00d6ffentlichen Rundfunkanstalten<br \/>\n1978 bis 2016 Mitglied in mehreren Aufsichtsr\u00e4ten und Beir\u00e4ten<\/p>\n<p>1966 bis 1972 Mitglied der Hamburger B\u00fcrgerschaft<br \/>\n1972 bis 1984 Mitglied des Deutschen Bundestages<br \/>\n1072 bis 1984 Mitglied im Bundesvorstand der Mittelstandsvereinigung<br \/>\n1978 bis 1984 Landesvorsitzender der MIT Niedersachsen<br \/>\nab 2008 Finanzbeauftragter des Instituts f\u00fcr Gesellschaftswissenschaften Walberberg in Bonn<\/p>\n<p>1984 Verleihung des Bundesverdienstkreuzes 1. Klasse<br \/>\n1987 Verleihung der Ehrendoktorw\u00fcrde der Wirtschaftswissenschaftlichen Fakult\u00e4t der Gazi Universit\u00e4t Ankara<\/p>\n","protected":false},"excerpt":{"rendered":"<p>Horst Schr\u00f6der Geboren 25. Februar 1938 in Hamburg Jetzt wohnhaft in K\u00f6nigswinter-Oberdollendorf 1957 Abitur am Wirtschaftsgymnasium in Hamburg 1957 bis 1959 Banklehre bei der Deutschen Bank AG 1960 bis 1965 Studium der Volkswirtschaftslehre und Bankbetriebslehre an den Universit\u00e4ten Hamburg und Kiel, Abschlu\u00df Diplom-Examen 1966 bis 1984 Mitarbeiter der Vereinsbank Hamburg\/Vereins- und Westbank AG (u.a. 1966 bis 1968 Gesch\u00e4ftsf\u00fchrer des Norddeutschen Bankenverbandes) 1984 bis 1989 Gesch\u00e4ftsf\u00fchrer der Deutschen Investitions- und Entwicklungsbank in K\u00f6ln 1989 bis 1991 Mitarbeiter einer Beteiligungsgesellschaft der Deutschen Lufthansa AG 1991 bis 2003 Pr\u00e4sident des Landesrechnungshofes Sachsen-Anhalt 1992 bis 2007 Mitglied der Kommission f\u00fcr die Ermittlung des Finanzbedarfs der \u00d6ffentlichen Rundfunkanstalten 1978 bis<a class=\"more-link\" href=\"https:\/\/ioer.org\/?page_id=480\">WEITER \u261e<\/a><\/p>\n","protected":false},"author":1,"featured_media":0,"parent":21,"menu_order":0,"comment_status":"closed","ping_status":"closed","template":"","meta":{"footnotes":""},"class_list":["entry","author-horcrux","post-480","page","type-page","status-publish"],"_links":{"self":[{"href":"https:\/\/ioer.org\/index.php?rest_route=\/wp\/v2\/pages\/480","targetHints":{"allow":["GET"]}}],"collection":[{"href":"https:\/\/ioer.org\/index.php?rest_route=\/wp\/v2\/pages"}],"about":[{"href":"https:\/\/ioer.org\/index.php?rest_route=\/wp\/v2\/types\/page"}],"author":[{"embeddable":true,"href":"https:\/\/ioer.org\/index.php?rest_route=\/wp\/v2\/users\/1"}],"replies":[{"embeddable":true,"href":"https:\/\/ioer.org\/index.php?rest_route=%2Fwp%2Fv2%2Fcomments&post=480"}],"version-history":[{"count":3,"href":"https:\/\/ioer.org\/index.php?rest_route=\/wp\/v2\/pages\/480\/revisions"}],"predecessor-version":[{"id":928,"href":"https:\/\/ioer.org\/index.php?rest_route=\/wp\/v2\/pages\/480\/revisions\/928"}],"up":[{"embeddable":true,"href":"https:\/\/ioer.org\/index.php?rest_route=\/wp\/v2\/pages\/21"}],"wp:attachment":[{"href":"https:\/\/ioer.org\/index.php?rest_route=%2Fwp%2Fv2%2Fmedia&parent=480"}],"curies":[{"name":"wp","href":"https:\/\/api.w.org\/{rel}","templated":true}]}}