{"id":484,"date":"2018-05-01T14:24:52","date_gmt":"2018-05-01T12:24:52","guid":{"rendered":"http:\/\/ioer.org\/?page_id=484"},"modified":"2018-05-01T14:24:52","modified_gmt":"2018-05-01T12:24:52","slug":"karl-heinz-vogt","status":"publish","type":"page","link":"https:\/\/ioer.org\/?page_id=484","title":{"rendered":"Karl-Heinz Vogt"},"content":{"rendered":"<h4>Dr. phil. Karl-Heinz\u00a0Vogt<\/h4>\n<p><img loading=\"lazy\" decoding=\"async\" class=\"alignnone size-medium wp-image-338\" src=\"https:\/\/ioer.org\/wp-content\/uploads\/2018\/02\/vogt-e1520428196866-263x300.jpg\" alt=\"\" width=\"263\" height=\"300\" srcset=\"https:\/\/ioer.org\/wp-content\/uploads\/2018\/02\/vogt-e1520428196866-263x300.jpg 263w, https:\/\/ioer.org\/wp-content\/uploads\/2018\/02\/vogt-e1520428196866-768x877.jpg 768w, https:\/\/ioer.org\/wp-content\/uploads\/2018\/02\/vogt-e1520428196866-897x1024.jpg 897w, https:\/\/ioer.org\/wp-content\/uploads\/2018\/02\/vogt-e1520428196866-425x485.jpg 425w\" sizes=\"auto, (max-width: 263px) 100vw, 263px\" \/><\/p>\n<p>Geboren im November 1938,\u00a0ledig, wohnt in K\u00f6ln.<br \/>\n1959 bis 1965 Studium der katholischen Theologie in Bonn, M\u00fcnster, K\u00f6ln.<br \/>\nIm Februar 1965 Priesterweihe f\u00fcr das Erzbistum K\u00f6ln.<br \/>\n1965 bis 1969 Kaplan in Opladen-Quettingen.<br \/>\n1969 bis 1983 Leitung im Erzbisch\u00f6flichen Theologenkonvikt Collegium Albertinum in Bonn.<br \/>\n1983 bis 2000 Leitung im Caritasverband f\u00fcr die Stadt K\u00f6ln e.V.<br \/>\n2000 bis 2010 Leitung im Katholischen B\u00fcro NRW in D\u00fcsseldorf.<br \/>\n1980 bis 1985 stellvertretendes Mitglied im Rundfunkrat des WDR f\u00fcr die Katholische Kirche in NRW.<br \/>\n1985 bis 1997 ordentliches Mitglied im Rundfunkrat des WDR f\u00fcr die Katholische Kirche in NRW.<\/p>\n","protected":false},"excerpt":{"rendered":"<p>Dr. phil. Karl-Heinz\u00a0Vogt Geboren im November 1938,\u00a0ledig, wohnt in K\u00f6ln. 1959 bis 1965 Studium der katholischen Theologie in Bonn, M\u00fcnster, K\u00f6ln. Im Februar 1965 Priesterweihe f\u00fcr das Erzbistum K\u00f6ln. 1965 bis 1969 Kaplan in Opladen-Quettingen. 1969 bis 1983 Leitung im Erzbisch\u00f6flichen Theologenkonvikt Collegium Albertinum in Bonn. 1983 bis 2000 Leitung im Caritasverband f\u00fcr die Stadt K\u00f6ln e.V. 2000 bis 2010 Leitung im Katholischen B\u00fcro NRW in D\u00fcsseldorf. 1980 bis 1985 stellvertretendes Mitglied im Rundfunkrat des WDR f\u00fcr die Katholische Kirche in NRW. 1985 bis 1997 ordentliches Mitglied im Rundfunkrat des WDR f\u00fcr die Katholische Kirche in NRW.<a class=\"more-link\" href=\"https:\/\/ioer.org\/?page_id=484\">WEITER \u261e<\/a><\/p>\n","protected":false},"author":1,"featured_media":0,"parent":21,"menu_order":0,"comment_status":"closed","ping_status":"closed","template":"","meta":{"footnotes":""},"class_list":["entry","author-horcrux","post-484","page","type-page","status-publish"],"_links":{"self":[{"href":"https:\/\/ioer.org\/index.php?rest_route=\/wp\/v2\/pages\/484","targetHints":{"allow":["GET"]}}],"collection":[{"href":"https:\/\/ioer.org\/index.php?rest_route=\/wp\/v2\/pages"}],"about":[{"href":"https:\/\/ioer.org\/index.php?rest_route=\/wp\/v2\/types\/page"}],"author":[{"embeddable":true,"href":"https:\/\/ioer.org\/index.php?rest_route=\/wp\/v2\/users\/1"}],"replies":[{"embeddable":true,"href":"https:\/\/ioer.org\/index.php?rest_route=%2Fwp%2Fv2%2Fcomments&post=484"}],"version-history":[{"count":1,"href":"https:\/\/ioer.org\/index.php?rest_route=\/wp\/v2\/pages\/484\/revisions"}],"predecessor-version":[{"id":485,"href":"https:\/\/ioer.org\/index.php?rest_route=\/wp\/v2\/pages\/484\/revisions\/485"}],"up":[{"embeddable":true,"href":"https:\/\/ioer.org\/index.php?rest_route=\/wp\/v2\/pages\/21"}],"wp:attachment":[{"href":"https:\/\/ioer.org\/index.php?rest_route=%2Fwp%2Fv2%2Fmedia&parent=484"}],"curies":[{"name":"wp","href":"https:\/\/api.w.org\/{rel}","templated":true}]}}