{"id":494,"date":"2018-05-01T14:40:30","date_gmt":"2018-05-01T12:40:30","guid":{"rendered":"http:\/\/ioer.org\/?page_id=494"},"modified":"2018-05-01T14:40:43","modified_gmt":"2018-05-01T12:40:43","slug":"gisela-losseff-tillmanns","status":"publish","type":"page","link":"https:\/\/ioer.org\/?page_id=494","title":{"rendered":"Gisela Losseff-Tillmanns"},"content":{"rendered":"<h4>Gisela Losseff-Tillmanns<\/h4>\n<p><img loading=\"lazy\" decoding=\"async\" class=\"alignnone size-medium wp-image-438\" src=\"https:\/\/ioer.org\/wp-content\/uploads\/2018\/03\/Lossef-Tillmanns-e1525178412153-264x300.jpg\" alt=\"\" width=\"264\" height=\"300\" srcset=\"https:\/\/ioer.org\/wp-content\/uploads\/2018\/03\/Lossef-Tillmanns-e1525178412153-264x300.jpg 264w, https:\/\/ioer.org\/wp-content\/uploads\/2018\/03\/Lossef-Tillmanns-e1525178412153-768x874.jpg 768w, https:\/\/ioer.org\/wp-content\/uploads\/2018\/03\/Lossef-Tillmanns-e1525178412153-900x1024.jpg 900w, https:\/\/ioer.org\/wp-content\/uploads\/2018\/03\/Lossef-Tillmanns-e1525178412153-425x484.jpg 425w\" sizes=\"auto, (max-width: 264px) 100vw, 264px\" \/><\/p>\n<p>Geboren am 30.9.1942 in Solingen<\/p>\n<p>1963 Abitur<\/p>\n<p>1969 Diplompr\u00fcfung in Sozialwissenschaften (Diplom- Sozialwirtin), Thema der Diplomarbeit: \u201eRollenkonflikt der Frau im Fachgebiet Sozialpsychologie\u201c.<\/p>\n<p>1970-1972 Wissenschaftliche Referentin im Rektorat der Ruhr-Universit\u00e4t, Bochum,\u00a01972- 1974 Lehrbeauftragte in Sozialpsychologie an der FH Hagen.<\/p>\n<p>1975 Promotion in Soziologie (Dr. rer. soc.), Ruhr- Universit\u00e4t Bochum. Thema der Doktorarbeit: \u201eFrauenemanzipation und Gewerkschaften 1800\u20131975\u201c.<\/p>\n<p>1976\u20131980 Wissenschaftliche Angestellte in der Staatskanzlei und im Ministerium f\u00fcr Arbeit, Gesundheit und Soziales des Landes NRW (Arbeitsstab Frauenpolitische Angelegenheiten).<\/p>\n<p>1980\u20132008 Professorin f\u00fcr Soziologie im Fachbereich Sozialp\u00e4dagogik der Fachhochschule D\u00fcsseldorf (Arbeits- und Mediensoziologie, Kriminologie).<br \/>\n198 \u20131987 Mitglied im Rundfunkausschuss des Landes NRW.<br \/>\n1987\u20131995 Mitglied der Rundfunkkomission der Landesmedienanstalt NRW.<\/p>\n<p>1996\u20131998 Mitglied in der Enquetekommission des Deutschen Bundestages \u201eZukunft der Medien\u201c<\/p>\n<p>1995\u20132012 Mitglied im WDR-Verwaltungsrat.<\/p>\n<p>2001\u20132013 Mitglied im Aufsichtsrat der Bavaria Film GmbH.<\/p>\n<p>2000-2003 Prorektorin f\u00fcr Forschung.<\/p>\n<p>seit 2003 Herausgeberin des Informationsportals JOURNASCIENCE.<\/p>\n<p>Au\u00dferdem: Vertrauensdozentin bei der Hans-B\u00f6ckler-Stiftung und bei der Friedrich-Ebert-Stiftung; mehrere Jahre Prodekanin des FB Sozialp\u00e4dagogik, mehrere Jahre Senatsmitglied der Fachhochschule D\u00fcsseldorf.<\/p>\n","protected":false},"excerpt":{"rendered":"<p>Gisela Losseff-Tillmanns Geboren am 30.9.1942 in Solingen 1963 Abitur 1969 Diplompr\u00fcfung in Sozialwissenschaften (Diplom- Sozialwirtin), Thema der Diplomarbeit: \u201eRollenkonflikt der Frau im Fachgebiet Sozialpsychologie\u201c. 1970-1972 Wissenschaftliche Referentin im Rektorat der Ruhr-Universit\u00e4t, Bochum,\u00a01972- 1974 Lehrbeauftragte in Sozialpsychologie an der FH Hagen. 1975 Promotion in Soziologie (Dr. rer. soc.), Ruhr- Universit\u00e4t Bochum. Thema der Doktorarbeit: \u201eFrauenemanzipation und Gewerkschaften 1800\u20131975\u201c. 1976\u20131980 Wissenschaftliche Angestellte in der Staatskanzlei und im Ministerium f\u00fcr Arbeit, Gesundheit und Soziales des Landes NRW (Arbeitsstab Frauenpolitische Angelegenheiten). 1980\u20132008 Professorin f\u00fcr Soziologie im Fachbereich Sozialp\u00e4dagogik der Fachhochschule D\u00fcsseldorf (Arbeits- und Mediensoziologie, Kriminologie). 198 \u20131987 Mitglied im Rundfunkausschuss des Landes NRW. 1987\u20131995 Mitglied der Rundfunkkomission der Landesmedienanstalt<a class=\"more-link\" href=\"https:\/\/ioer.org\/?page_id=494\">WEITER \u261e<\/a><\/p>\n","protected":false},"author":1,"featured_media":0,"parent":21,"menu_order":0,"comment_status":"closed","ping_status":"closed","template":"","meta":{"footnotes":""},"class_list":["entry","author-horcrux","post-494","page","type-page","status-publish"],"_links":{"self":[{"href":"https:\/\/ioer.org\/index.php?rest_route=\/wp\/v2\/pages\/494","targetHints":{"allow":["GET"]}}],"collection":[{"href":"https:\/\/ioer.org\/index.php?rest_route=\/wp\/v2\/pages"}],"about":[{"href":"https:\/\/ioer.org\/index.php?rest_route=\/wp\/v2\/types\/page"}],"author":[{"embeddable":true,"href":"https:\/\/ioer.org\/index.php?rest_route=\/wp\/v2\/users\/1"}],"replies":[{"embeddable":true,"href":"https:\/\/ioer.org\/index.php?rest_route=%2Fwp%2Fv2%2Fcomments&post=494"}],"version-history":[{"count":2,"href":"https:\/\/ioer.org\/index.php?rest_route=\/wp\/v2\/pages\/494\/revisions"}],"predecessor-version":[{"id":496,"href":"https:\/\/ioer.org\/index.php?rest_route=\/wp\/v2\/pages\/494\/revisions\/496"}],"up":[{"embeddable":true,"href":"https:\/\/ioer.org\/index.php?rest_route=\/wp\/v2\/pages\/21"}],"wp:attachment":[{"href":"https:\/\/ioer.org\/index.php?rest_route=%2Fwp%2Fv2%2Fmedia&parent=494"}],"curies":[{"name":"wp","href":"https:\/\/api.w.org\/{rel}","templated":true}]}}