{"id":501,"date":"2018-05-01T15:15:15","date_gmt":"2018-05-01T13:15:15","guid":{"rendered":"http:\/\/ioer.org\/?page_id=501"},"modified":"2020-03-13T01:39:26","modified_gmt":"2020-03-13T00:39:26","slug":"roland-freyberger","status":"publish","type":"page","link":"https:\/\/ioer.org\/?page_id=501","title":{"rendered":"Roland Freyberger"},"content":{"rendered":"<h4>Roland Freyberger<\/h4>\n<p><img loading=\"lazy\" decoding=\"async\" class=\"alignnone size-medium wp-image-346\" src=\"https:\/\/ioer.org\/wp-content\/uploads\/2018\/02\/freiberger-e1520439848882-263x300.jpg\" alt=\"\" width=\"263\" height=\"300\" srcset=\"https:\/\/ioer.org\/wp-content\/uploads\/2018\/02\/freiberger-e1520439848882-263x300.jpg 263w, https:\/\/ioer.org\/wp-content\/uploads\/2018\/02\/freiberger-e1520439848882-768x877.jpg 768w, https:\/\/ioer.org\/wp-content\/uploads\/2018\/02\/freiberger-e1520439848882-897x1024.jpg 897w, https:\/\/ioer.org\/wp-content\/uploads\/2018\/02\/freiberger-e1520439848882-425x485.jpg 425w\" sizes=\"auto, (max-width: 263px) 100vw, 263px\" \/><\/p>\n<p>Geboren 1933 in Freising.<br \/>\nNach dem Studium der Mathematik und Physik an der Universit\u00e4t M\u00fcnchen ab 1957 Mitarbeiter des Westdeutschen Rundfunks.<br \/>\nVon 1987-1997 Produktionsdirektor des WDR.<br \/>\nHerr Freyberger ist am 9. Februar 2020 verstorben. Der I\u00d6R wird seinem Gr\u00fcndungsmitglied ein w\u00fcrdiges Andenken bewahren.<\/p>\n","protected":false},"excerpt":{"rendered":"<p>Roland Freyberger Geboren 1933 in Freising. Nach dem Studium der Mathematik und Physik an der Universit\u00e4t M\u00fcnchen ab 1957 Mitarbeiter des Westdeutschen Rundfunks. Von 1987-1997 Produktionsdirektor des WDR. Herr Freyberger ist am 9. Februar 2020 verstorben. Der I\u00d6R wird seinem Gr\u00fcndungsmitglied ein w\u00fcrdiges Andenken bewahren.<a class=\"more-link\" href=\"https:\/\/ioer.org\/?page_id=501\">WEITER \u261e<\/a><\/p>\n","protected":false},"author":1,"featured_media":0,"parent":21,"menu_order":0,"comment_status":"closed","ping_status":"closed","template":"","meta":{"footnotes":""},"class_list":["entry","author-horcrux","post-501","page","type-page","status-publish"],"_links":{"self":[{"href":"https:\/\/ioer.org\/index.php?rest_route=\/wp\/v2\/pages\/501","targetHints":{"allow":["GET"]}}],"collection":[{"href":"https:\/\/ioer.org\/index.php?rest_route=\/wp\/v2\/pages"}],"about":[{"href":"https:\/\/ioer.org\/index.php?rest_route=\/wp\/v2\/types\/page"}],"author":[{"embeddable":true,"href":"https:\/\/ioer.org\/index.php?rest_route=\/wp\/v2\/users\/1"}],"replies":[{"embeddable":true,"href":"https:\/\/ioer.org\/index.php?rest_route=%2Fwp%2Fv2%2Fcomments&post=501"}],"version-history":[{"count":3,"href":"https:\/\/ioer.org\/index.php?rest_route=\/wp\/v2\/pages\/501\/revisions"}],"predecessor-version":[{"id":751,"href":"https:\/\/ioer.org\/index.php?rest_route=\/wp\/v2\/pages\/501\/revisions\/751"}],"up":[{"embeddable":true,"href":"https:\/\/ioer.org\/index.php?rest_route=\/wp\/v2\/pages\/21"}],"wp:attachment":[{"href":"https:\/\/ioer.org\/index.php?rest_route=%2Fwp%2Fv2%2Fmedia&parent=501"}],"curies":[{"name":"wp","href":"https:\/\/api.w.org\/{rel}","templated":true}]}}