{"id":504,"date":"2018-05-01T15:21:13","date_gmt":"2018-05-01T13:21:13","guid":{"rendered":"http:\/\/ioer.org\/?page_id=504"},"modified":"2018-05-01T15:21:13","modified_gmt":"2018-05-01T13:21:13","slug":"dieter-stammler","status":"publish","type":"page","link":"https:\/\/ioer.org\/?page_id=504","title":{"rendered":"Dieter Stammler"},"content":{"rendered":"<h4>Prof. Dr. Dieter Stammler<\/h4>\n<p><img loading=\"lazy\" decoding=\"async\" class=\"alignnone size-medium wp-image-357\" src=\"https:\/\/ioer.org\/wp-content\/uploads\/2018\/02\/stammler-e1520428477941-262x300.jpg\" alt=\"\" width=\"262\" height=\"300\" srcset=\"https:\/\/ioer.org\/wp-content\/uploads\/2018\/02\/stammler-e1520428477941-262x300.jpg 262w, https:\/\/ioer.org\/wp-content\/uploads\/2018\/02\/stammler-e1520428477941-768x878.jpg 768w, https:\/\/ioer.org\/wp-content\/uploads\/2018\/02\/stammler-e1520428477941-896x1024.jpg 896w, https:\/\/ioer.org\/wp-content\/uploads\/2018\/02\/stammler-e1520428477941-425x486.jpg 425w\" sizes=\"auto, (max-width: 262px) 100vw, 262px\" \/><\/p>\n<p>Geboren am 27. 08. 1942<br \/>\n1961 Abitur am Eberhard-Ludwigs-Gymnasium in Stuttgart.<br \/>\n1961-1961 Studium der Rechtswissenschaften in Berlin und T\u00fcbingen.<br \/>\n1966\u00a0Erstes juristische Staatsexamen an der Eberhard-Karls-Universit\u00e4t T\u00fcbingen<br \/>\n1970\u00a0Zweites juristisches Staatsexamen in Stuttgart Promotion zum Dr. jur. an der Universit\u00e4t T\u00fcbingen<br \/>\n1970-1977 verschiedene T\u00e4tigkeiten als Beamter in den Bundesministerien f\u00fcr wirtschaftliche Zusammenarbeit und f\u00fcr Forschung und Technologie<br \/>\n1977\u00a0Wechsel zum Deutschlandfunk (K\u00f6ln) als Leiter der Intendanz<br \/>\n1991 und 1992 vor\u00fcbergehende Wahrnehmung der Funktion des Rundfunkreferenten in der Staatskanzlei des Landes Brandenburg.<br \/>\nJuli 1992 R\u00fcckkehr zum Deutschlandfunk als Leiter der Rechtsabteilung,\u00a0ab 1994 Justitiar des Deutschlandradios mit Sitz in K\u00f6ln und Berlin.<br \/>\nIm September 2007 Eintritt in den Ruhestand.<br \/>\n1974-1986 Mitglied im Ortsbeirat Oberwinter.<br \/>\nSeit 1986 Lehrauftr\u00e4ge f\u00fcr Medienrecht an den Universit\u00e4ten M\u00fcnster und Siegen, im November\u00a02006 Ernennung zum Honorarprofessor an der Universit\u00e4t Siegen.<\/p>\n","protected":false},"excerpt":{"rendered":"<p>Prof. Dr. Dieter Stammler Geboren am 27. 08. 1942 1961 Abitur am Eberhard-Ludwigs-Gymnasium in Stuttgart. 1961-1961 Studium der Rechtswissenschaften in Berlin und T\u00fcbingen. 1966\u00a0Erstes juristische Staatsexamen an der Eberhard-Karls-Universit\u00e4t T\u00fcbingen 1970\u00a0Zweites juristisches Staatsexamen in Stuttgart Promotion zum Dr. jur. an der Universit\u00e4t T\u00fcbingen 1970-1977 verschiedene T\u00e4tigkeiten als Beamter in den Bundesministerien f\u00fcr wirtschaftliche Zusammenarbeit und f\u00fcr Forschung und Technologie 1977\u00a0Wechsel zum Deutschlandfunk (K\u00f6ln) als Leiter der Intendanz 1991 und 1992 vor\u00fcbergehende Wahrnehmung der Funktion des Rundfunkreferenten in der Staatskanzlei des Landes Brandenburg. Juli 1992 R\u00fcckkehr zum Deutschlandfunk als Leiter der Rechtsabteilung,\u00a0ab 1994 Justitiar des Deutschlandradios mit Sitz in K\u00f6ln und Berlin. Im September 2007 Eintritt<a class=\"more-link\" href=\"https:\/\/ioer.org\/?page_id=504\">WEITER \u261e<\/a><\/p>\n","protected":false},"author":1,"featured_media":0,"parent":21,"menu_order":0,"comment_status":"closed","ping_status":"closed","template":"","meta":{"footnotes":""},"class_list":["entry","author-horcrux","post-504","page","type-page","status-publish"],"_links":{"self":[{"href":"https:\/\/ioer.org\/index.php?rest_route=\/wp\/v2\/pages\/504","targetHints":{"allow":["GET"]}}],"collection":[{"href":"https:\/\/ioer.org\/index.php?rest_route=\/wp\/v2\/pages"}],"about":[{"href":"https:\/\/ioer.org\/index.php?rest_route=\/wp\/v2\/types\/page"}],"author":[{"embeddable":true,"href":"https:\/\/ioer.org\/index.php?rest_route=\/wp\/v2\/users\/1"}],"replies":[{"embeddable":true,"href":"https:\/\/ioer.org\/index.php?rest_route=%2Fwp%2Fv2%2Fcomments&post=504"}],"version-history":[{"count":1,"href":"https:\/\/ioer.org\/index.php?rest_route=\/wp\/v2\/pages\/504\/revisions"}],"predecessor-version":[{"id":505,"href":"https:\/\/ioer.org\/index.php?rest_route=\/wp\/v2\/pages\/504\/revisions\/505"}],"up":[{"embeddable":true,"href":"https:\/\/ioer.org\/index.php?rest_route=\/wp\/v2\/pages\/21"}],"wp:attachment":[{"href":"https:\/\/ioer.org\/index.php?rest_route=%2Fwp%2Fv2%2Fmedia&parent=504"}],"curies":[{"name":"wp","href":"https:\/\/api.w.org\/{rel}","templated":true}]}}