{"id":518,"date":"2018-07-17T21:17:56","date_gmt":"2018-07-17T19:17:56","guid":{"rendered":"http:\/\/ioer.org\/?page_id=518"},"modified":"2018-07-17T21:20:34","modified_gmt":"2018-07-17T19:20:34","slug":"juergen-thebrath","status":"publish","type":"page","link":"https:\/\/ioer.org\/?page_id=518","title":{"rendered":"J\u00fcrgen Thebrath"},"content":{"rendered":"<h4>J\u00fcrgen Thebrath<\/h4>\n<p><img loading=\"lazy\" decoding=\"async\" class=\"alignnone size-medium wp-image-359\" src=\"https:\/\/ioer.org\/wp-content\/uploads\/2018\/02\/Thebradt-e1520428326924-263x300.jpg\" alt=\"\" width=\"263\" height=\"300\" srcset=\"https:\/\/ioer.org\/wp-content\/uploads\/2018\/02\/Thebradt-e1520428326924-263x300.jpg 263w, https:\/\/ioer.org\/wp-content\/uploads\/2018\/02\/Thebradt-e1520428326924-768x877.jpg 768w, https:\/\/ioer.org\/wp-content\/uploads\/2018\/02\/Thebradt-e1520428326924-897x1024.jpg 897w, https:\/\/ioer.org\/wp-content\/uploads\/2018\/02\/Thebradt-e1520428326924-425x485.jpg 425w\" sizes=\"auto, (max-width: 263px) 100vw, 263px\" \/><\/p>\n<p>Bis 2012 stellvertretender Chefredakteur f\u00fcr Politik und Zeitgeschehen beim WDR in K\u00f6ln. Zuvor seit Mai 2000 ARD-Korrespondent und Leiter des ARD-Studios in Br\u00fcssel. Von 1985 bis 1991 Redakteur bei MONITOR mit Eins\u00e4tzen als Korrespondent in Polen, der DDR und der ehemaligen Sowjetunion.<\/p>\n<p>1984 Studium an der Harvard-Universit\u00e4t (Master of Public Administration), zuvor Studium in Bochum (Diplom-Sozialwissenschaftler).<\/p>\n<p>Beim WDR Leiter der Programmgruppe Ausland, Moderator des WELTSPIEGEL, Studioleitung in Berlin (Ost) und New York. Kommentator f\u00fcr die TAGESTHEMEN.<\/p>\n","protected":false},"excerpt":{"rendered":"<p>J\u00fcrgen Thebrath Bis 2012 stellvertretender Chefredakteur f\u00fcr Politik und Zeitgeschehen beim WDR in K\u00f6ln. Zuvor seit Mai 2000 ARD-Korrespondent und Leiter des ARD-Studios in Br\u00fcssel. Von 1985 bis 1991 Redakteur bei MONITOR mit Eins\u00e4tzen als Korrespondent in Polen, der DDR und der ehemaligen Sowjetunion. 1984 Studium an der Harvard-Universit\u00e4t (Master of Public Administration), zuvor Studium in Bochum (Diplom-Sozialwissenschaftler). Beim WDR Leiter der Programmgruppe Ausland, Moderator des WELTSPIEGEL, Studioleitung in Berlin (Ost) und New York. Kommentator f\u00fcr die TAGESTHEMEN.<a class=\"more-link\" href=\"https:\/\/ioer.org\/?page_id=518\">WEITER \u261e<\/a><\/p>\n","protected":false},"author":1,"featured_media":0,"parent":21,"menu_order":0,"comment_status":"closed","ping_status":"closed","template":"","meta":{"footnotes":""},"class_list":["entry","author-horcrux","post-518","page","type-page","status-publish"],"_links":{"self":[{"href":"https:\/\/ioer.org\/index.php?rest_route=\/wp\/v2\/pages\/518","targetHints":{"allow":["GET"]}}],"collection":[{"href":"https:\/\/ioer.org\/index.php?rest_route=\/wp\/v2\/pages"}],"about":[{"href":"https:\/\/ioer.org\/index.php?rest_route=\/wp\/v2\/types\/page"}],"author":[{"embeddable":true,"href":"https:\/\/ioer.org\/index.php?rest_route=\/wp\/v2\/users\/1"}],"replies":[{"embeddable":true,"href":"https:\/\/ioer.org\/index.php?rest_route=%2Fwp%2Fv2%2Fcomments&post=518"}],"version-history":[{"count":4,"href":"https:\/\/ioer.org\/index.php?rest_route=\/wp\/v2\/pages\/518\/revisions"}],"predecessor-version":[{"id":523,"href":"https:\/\/ioer.org\/index.php?rest_route=\/wp\/v2\/pages\/518\/revisions\/523"}],"up":[{"embeddable":true,"href":"https:\/\/ioer.org\/index.php?rest_route=\/wp\/v2\/pages\/21"}],"wp:attachment":[{"href":"https:\/\/ioer.org\/index.php?rest_route=%2Fwp%2Fv2%2Fmedia&parent=518"}],"curies":[{"name":"wp","href":"https:\/\/api.w.org\/{rel}","templated":true}]}}