{"id":531,"date":"2018-07-17T21:52:00","date_gmt":"2018-07-17T19:52:00","guid":{"rendered":"http:\/\/ioer.org\/?page_id=531"},"modified":"2018-07-17T21:52:00","modified_gmt":"2018-07-17T19:52:00","slug":"karl-indlekofer","status":"publish","type":"page","link":"https:\/\/ioer.org\/?page_id=531","title":{"rendered":"Karl Indlekofer"},"content":{"rendered":"<h4>Karl Indlekofer<\/h4>\n<p><img loading=\"lazy\" decoding=\"async\" class=\"alignnone size-medium wp-image-437\" src=\"https:\/\/ioer.org\/wp-content\/uploads\/2018\/03\/indlekofer-e1531857099147-264x300.jpg\" alt=\"\" width=\"264\" height=\"300\" srcset=\"https:\/\/ioer.org\/wp-content\/uploads\/2018\/03\/indlekofer-e1531857099147-264x300.jpg 264w, https:\/\/ioer.org\/wp-content\/uploads\/2018\/03\/indlekofer-e1531857099147-768x874.jpg 768w, https:\/\/ioer.org\/wp-content\/uploads\/2018\/03\/indlekofer-e1531857099147-900x1024.jpg 900w, https:\/\/ioer.org\/wp-content\/uploads\/2018\/03\/indlekofer-e1531857099147-425x484.jpg 425w\" sizes=\"auto, (max-width: 264px) 100vw, 264px\" \/><\/p>\n<p>Jahrgang 1947, verheiratet, wohnhaft in Duisburg.<\/p>\n<p>Studium der Verwaltungswissenschaften an der Universit\u00e4t Konstanz (Diplom-Verwaltungswissenschaftler). Ab 1975 T\u00e4tigkeit als Organisationsberater (WIBERA AG, D\u00fcsseldorf) im Bereich Planung, Organisation und Personal vorwiegend in \u00f6ffentlich-rechtlichen Organisationen.<\/p>\n<p>Ab 1979 Anstellung beim WDR als Referent f\u00fcr Grundsatzfragen im Personalbereich. Verschiedene Funktionen im Personalbereich des WDR und f\u00fcr die ARD. Von 1995 bis 2011 Leiter der Hauptabteilung Personal des WDR.<\/p>\n","protected":false},"excerpt":{"rendered":"<p>Karl Indlekofer Jahrgang 1947, verheiratet, wohnhaft in Duisburg. Studium der Verwaltungswissenschaften an der Universit\u00e4t Konstanz (Diplom-Verwaltungswissenschaftler). Ab 1975 T\u00e4tigkeit als Organisationsberater (WIBERA AG, D\u00fcsseldorf) im Bereich Planung, Organisation und Personal vorwiegend in \u00f6ffentlich-rechtlichen Organisationen. Ab 1979 Anstellung beim WDR als Referent f\u00fcr Grundsatzfragen im Personalbereich. Verschiedene Funktionen im Personalbereich des WDR und f\u00fcr die ARD. Von 1995 bis 2011 Leiter der Hauptabteilung Personal des WDR.<a class=\"more-link\" href=\"https:\/\/ioer.org\/?page_id=531\">WEITER \u261e<\/a><\/p>\n","protected":false},"author":1,"featured_media":0,"parent":21,"menu_order":0,"comment_status":"closed","ping_status":"closed","template":"","meta":{"footnotes":""},"class_list":["entry","author-horcrux","post-531","page","type-page","status-publish"],"_links":{"self":[{"href":"https:\/\/ioer.org\/index.php?rest_route=\/wp\/v2\/pages\/531","targetHints":{"allow":["GET"]}}],"collection":[{"href":"https:\/\/ioer.org\/index.php?rest_route=\/wp\/v2\/pages"}],"about":[{"href":"https:\/\/ioer.org\/index.php?rest_route=\/wp\/v2\/types\/page"}],"author":[{"embeddable":true,"href":"https:\/\/ioer.org\/index.php?rest_route=\/wp\/v2\/users\/1"}],"replies":[{"embeddable":true,"href":"https:\/\/ioer.org\/index.php?rest_route=%2Fwp%2Fv2%2Fcomments&post=531"}],"version-history":[{"count":1,"href":"https:\/\/ioer.org\/index.php?rest_route=\/wp\/v2\/pages\/531\/revisions"}],"predecessor-version":[{"id":532,"href":"https:\/\/ioer.org\/index.php?rest_route=\/wp\/v2\/pages\/531\/revisions\/532"}],"up":[{"embeddable":true,"href":"https:\/\/ioer.org\/index.php?rest_route=\/wp\/v2\/pages\/21"}],"wp:attachment":[{"href":"https:\/\/ioer.org\/index.php?rest_route=%2Fwp%2Fv2%2Fmedia&parent=531"}],"curies":[{"name":"wp","href":"https:\/\/api.w.org\/{rel}","templated":true}]}}