{"id":542,"date":"2018-07-18T19:41:39","date_gmt":"2018-07-18T17:41:39","guid":{"rendered":"http:\/\/ioer.org\/?page_id=542"},"modified":"2018-07-18T19:41:39","modified_gmt":"2018-07-18T17:41:39","slug":"reiner-hammelrath","status":"publish","type":"page","link":"https:\/\/ioer.org\/?page_id=542","title":{"rendered":"Reiner Hammelrath"},"content":{"rendered":"<h4>Reiner Hammelrath<\/h4>\n<p><img loading=\"lazy\" decoding=\"async\" class=\"alignnone size-medium wp-image-348\" src=\"https:\/\/ioer.org\/wp-content\/uploads\/2018\/02\/hammelrath-e1520439120902-263x300.jpg\" alt=\"\" width=\"263\" height=\"300\" srcset=\"https:\/\/ioer.org\/wp-content\/uploads\/2018\/02\/hammelrath-e1520439120902-263x300.jpg 263w, https:\/\/ioer.org\/wp-content\/uploads\/2018\/02\/hammelrath-e1520439120902-768x877.jpg 768w, https:\/\/ioer.org\/wp-content\/uploads\/2018\/02\/hammelrath-e1520439120902-897x1024.jpg 897w, https:\/\/ioer.org\/wp-content\/uploads\/2018\/02\/hammelrath-e1520439120902-425x485.jpg 425w\" sizes=\"auto, (max-width: 263px) 100vw, 263px\" \/><\/p>\n<p>Geboren 1953 in Bergisch Gladbach\u2028\u2028.<\/p>\n<p>Nach dem Studium der Erziehungswissenschaft mit Abschluss \u2028als Dipl.-P\u00e4dagoge an der P\u00e4dagogischen Hochschule K\u00f6ln\u2028 1980\/81 Studienleiter f\u00fcr Politische Bildung am Gustav-Stresemann-Institut in Bergisch Gladbach.<\/p>\n<p>Von 1981 bis 1985 wissenschaftlicher Mitarbeiter am Adolf-Grimme-\u2028Institut in Marl.<\/p>\n<p>1985 bis 1992 Fachbereichsleiter f\u00fcr Politische Bildung an der Volkshochschule K\u00f6ln, 1992 bis 2014 Direktor des Landesverbandes der Volkshochschulen\u2028 von NRW in D\u00fcsseldorf.\u2028 2007 bis 2014 Mitglied des Vorstands und Vorsitzender des Organisations- und Finanzausschusses des Deutschen Volkshochschul-Verbandes sowie Mitglied im Aufsichtsrat der\u2028 Grimme-Institut GmbH, Marl und der telc GmbH, Frankfurt.<\/p>\n<p>2009 bis 2014 Mitglied im WDR-Rundfunkrat und stellv. Vorsitzender \u2028des Haushalts- und Finanzausschusses.<\/p>\n","protected":false},"excerpt":{"rendered":"<p>Reiner Hammelrath Geboren 1953 in Bergisch Gladbach\u2028\u2028. Nach dem Studium der Erziehungswissenschaft mit Abschluss \u2028als Dipl.-P\u00e4dagoge an der P\u00e4dagogischen Hochschule K\u00f6ln\u2028 1980\/81 Studienleiter f\u00fcr Politische Bildung am Gustav-Stresemann-Institut in Bergisch Gladbach. Von 1981 bis 1985 wissenschaftlicher Mitarbeiter am Adolf-Grimme-\u2028Institut in Marl. 1985 bis 1992 Fachbereichsleiter f\u00fcr Politische Bildung an der Volkshochschule K\u00f6ln, 1992 bis 2014 Direktor des Landesverbandes der Volkshochschulen\u2028 von NRW in D\u00fcsseldorf.\u2028 2007 bis 2014 Mitglied des Vorstands und Vorsitzender des Organisations- und Finanzausschusses des Deutschen Volkshochschul-Verbandes sowie Mitglied im Aufsichtsrat der\u2028 Grimme-Institut GmbH, Marl und der telc GmbH, Frankfurt. 2009 bis 2014 Mitglied im WDR-Rundfunkrat und stellv. Vorsitzender \u2028des Haushalts- und Finanzausschusses.<a class=\"more-link\" href=\"https:\/\/ioer.org\/?page_id=542\">WEITER \u261e<\/a><\/p>\n","protected":false},"author":1,"featured_media":0,"parent":21,"menu_order":0,"comment_status":"closed","ping_status":"closed","template":"","meta":{"footnotes":""},"class_list":["entry","author-horcrux","post-542","page","type-page","status-publish"],"_links":{"self":[{"href":"https:\/\/ioer.org\/index.php?rest_route=\/wp\/v2\/pages\/542","targetHints":{"allow":["GET"]}}],"collection":[{"href":"https:\/\/ioer.org\/index.php?rest_route=\/wp\/v2\/pages"}],"about":[{"href":"https:\/\/ioer.org\/index.php?rest_route=\/wp\/v2\/types\/page"}],"author":[{"embeddable":true,"href":"https:\/\/ioer.org\/index.php?rest_route=\/wp\/v2\/users\/1"}],"replies":[{"embeddable":true,"href":"https:\/\/ioer.org\/index.php?rest_route=%2Fwp%2Fv2%2Fcomments&post=542"}],"version-history":[{"count":1,"href":"https:\/\/ioer.org\/index.php?rest_route=\/wp\/v2\/pages\/542\/revisions"}],"predecessor-version":[{"id":543,"href":"https:\/\/ioer.org\/index.php?rest_route=\/wp\/v2\/pages\/542\/revisions\/543"}],"up":[{"embeddable":true,"href":"https:\/\/ioer.org\/index.php?rest_route=\/wp\/v2\/pages\/21"}],"wp:attachment":[{"href":"https:\/\/ioer.org\/index.php?rest_route=%2Fwp%2Fv2%2Fmedia&parent=542"}],"curies":[{"name":"wp","href":"https:\/\/api.w.org\/{rel}","templated":true}]}}