{"id":546,"date":"2018-07-22T12:36:34","date_gmt":"2018-07-22T10:36:34","guid":{"rendered":"http:\/\/ioer.org\/?page_id=546"},"modified":"2018-07-22T12:36:40","modified_gmt":"2018-07-22T10:36:40","slug":"karin-junker","status":"publish","type":"page","link":"https:\/\/ioer.org\/?page_id=546","title":{"rendered":"Karin Junker"},"content":{"rendered":"<h4>Karin Junker<\/h4>\n<p><img loading=\"lazy\" decoding=\"async\" class=\"alignnone size-medium wp-image-547\" src=\"https:\/\/ioer.org\/wp-content\/uploads\/2018\/07\/Junker-192x300.jpg\" alt=\"\" width=\"192\" height=\"300\" srcset=\"https:\/\/ioer.org\/wp-content\/uploads\/2018\/07\/Junker-192x300.jpg 192w, https:\/\/ioer.org\/wp-content\/uploads\/2018\/07\/Junker-768x1200.jpg 768w, https:\/\/ioer.org\/wp-content\/uploads\/2018\/07\/Junker-655x1024.jpg 655w, https:\/\/ioer.org\/wp-content\/uploads\/2018\/07\/Junker-352x550.jpg 352w, https:\/\/ioer.org\/wp-content\/uploads\/2018\/07\/Junker.jpg 996w\" sizes=\"auto, (max-width: 192px) 100vw, 192px\" \/><\/p>\n<p>Geboren 1940 in D\u00fcsseldorf.\u00a0 Nach dem Abitur Ausbildung zur Tageszeitungsredakteurin. Danach Arbeit f\u00fcr eine Nachrichtenagentur sowie f\u00fcr mehrere Zeitungs- und Zeitschriftenredaktionen. Mitherausgeberin einer Buchreihe der Belletristik sowie eines Pressedienstes. Freiberufliche Arbeit f\u00fcr Verb\u00e4nde, Beh\u00f6rden und Institutionen. Von 1980 bis 1989 wissenschaftliche Mitarbeiterin im B\u00fcro eines Oberb\u00fcrgermeisters, ab 1985 als pers\u00f6nliche Referentin.<\/p>\n<p>Seit 1964 in der SPD. Von 1992 bis 2004 Bundesvorsitzende der Arbeitsgemeinschaft sozialdemokratischer Frauen, Mitglied im Parteivorstand, stellvertretende Vorsitzende der parteiinternen Medienkommission und des Eine-Welt-Forums sowie Vorsitzende der Kommission Gleichstellungspolitik des Parteivorstandes.<\/p>\n<p>Von 1989 bis 2004 Abgeordnete im Europ\u00e4ischen Parlament. Von der Gr\u00fcndung 1993 bis 1999 war Junker Vorsitzende der Frauenorganisation der Sozialdemokratischen Partei Europas.<\/p>\n<p>Dar\u00fcber hinaus langj\u00e4hriges Mitglied im Rundfunkrat des Westdeutschen Rundfunks. Dort Vorsitzende des Programmausschusses. Gr\u00fcndungsmitglied des Initiativkreises \u00f6ffentlicher Rundfunk K\u00f6ln 1994.<\/p>\n","protected":false},"excerpt":{"rendered":"<p>Karin Junker Geboren 1940 in D\u00fcsseldorf.\u00a0 Nach dem Abitur Ausbildung zur Tageszeitungsredakteurin. Danach Arbeit f\u00fcr eine Nachrichtenagentur sowie f\u00fcr mehrere Zeitungs- und Zeitschriftenredaktionen. Mitherausgeberin einer Buchreihe der Belletristik sowie eines Pressedienstes. Freiberufliche Arbeit f\u00fcr Verb\u00e4nde, Beh\u00f6rden und Institutionen. Von 1980 bis 1989 wissenschaftliche Mitarbeiterin im B\u00fcro eines Oberb\u00fcrgermeisters, ab 1985 als pers\u00f6nliche Referentin. Seit 1964 in der SPD. Von 1992 bis 2004 Bundesvorsitzende der Arbeitsgemeinschaft sozialdemokratischer Frauen, Mitglied im Parteivorstand, stellvertretende Vorsitzende der parteiinternen Medienkommission und des Eine-Welt-Forums sowie Vorsitzende der Kommission Gleichstellungspolitik des Parteivorstandes. Von 1989 bis 2004 Abgeordnete im Europ\u00e4ischen Parlament. Von der Gr\u00fcndung 1993 bis 1999 war Junker Vorsitzende der Frauenorganisation der<a class=\"more-link\" href=\"https:\/\/ioer.org\/?page_id=546\">WEITER \u261e<\/a><\/p>\n","protected":false},"author":1,"featured_media":0,"parent":21,"menu_order":0,"comment_status":"closed","ping_status":"closed","template":"","meta":{"footnotes":""},"class_list":["entry","author-horcrux","post-546","page","type-page","status-publish"],"_links":{"self":[{"href":"https:\/\/ioer.org\/index.php?rest_route=\/wp\/v2\/pages\/546","targetHints":{"allow":["GET"]}}],"collection":[{"href":"https:\/\/ioer.org\/index.php?rest_route=\/wp\/v2\/pages"}],"about":[{"href":"https:\/\/ioer.org\/index.php?rest_route=\/wp\/v2\/types\/page"}],"author":[{"embeddable":true,"href":"https:\/\/ioer.org\/index.php?rest_route=\/wp\/v2\/users\/1"}],"replies":[{"embeddable":true,"href":"https:\/\/ioer.org\/index.php?rest_route=%2Fwp%2Fv2%2Fcomments&post=546"}],"version-history":[{"count":1,"href":"https:\/\/ioer.org\/index.php?rest_route=\/wp\/v2\/pages\/546\/revisions"}],"predecessor-version":[{"id":548,"href":"https:\/\/ioer.org\/index.php?rest_route=\/wp\/v2\/pages\/546\/revisions\/548"}],"up":[{"embeddable":true,"href":"https:\/\/ioer.org\/index.php?rest_route=\/wp\/v2\/pages\/21"}],"wp:attachment":[{"href":"https:\/\/ioer.org\/index.php?rest_route=%2Fwp%2Fv2%2Fmedia&parent=546"}],"curies":[{"name":"wp","href":"https:\/\/api.w.org\/{rel}","templated":true}]}}