{"id":568,"date":"2019-05-05T16:19:01","date_gmt":"2019-05-05T14:19:01","guid":{"rendered":"http:\/\/ioer.org\/?page_id=568"},"modified":"2019-10-29T18:11:48","modified_gmt":"2019-10-29T17:11:48","slug":"ira-goyne","status":"publish","type":"page","link":"https:\/\/ioer.org\/?page_id=568","title":{"rendered":"Ira Goyne"},"content":{"rendered":"\r\n<h4 class=\"wp-block-heading\">Ira Goyne<\/h4>\r\n<p>(stellv. Vorsitzende)<\/p>\r\n<p><img loading=\"lazy\" decoding=\"async\" class=\"alignleft size-medium wp-image-704\" src=\"https:\/\/ioer.org\/wp-content\/uploads\/2019\/10\/DSC_0099-241x300.jpg\" alt=\"Ira Goyne\" width=\"241\" height=\"300\" srcset=\"https:\/\/ioer.org\/wp-content\/uploads\/2019\/10\/DSC_0099-241x300.jpg 241w, https:\/\/ioer.org\/wp-content\/uploads\/2019\/10\/DSC_0099-768x957.jpg 768w, https:\/\/ioer.org\/wp-content\/uploads\/2019\/10\/DSC_0099-821x1024.jpg 821w, https:\/\/ioer.org\/wp-content\/uploads\/2019\/10\/DSC_0099-425x530.jpg 425w\" sizes=\"auto, (max-width: 241px) 100vw, 241px\" \/><\/p>\r\n\r\n\r\n\r\n<p>1986 Abitur &#8211; Albert-Einstein Gymnasium, Kaarst<\/p>\r\n\r\n\r\n\r\n<p>Von 1987 bis 1990 Ausbildung in Tanz, Gesang und Schauspiel mit Schwerpunkt Tanz am \u201eDoreen Bird College of Performing Arts\u201c in London. Danach folgten bis 1994 verschiedene Engagements an Theatern und neun Monate Tournee.<br \/>1991 bis 2011 Mitglied der GDBA (Genossenschaft Deutscher B\u00fchnenangeh\u00f6riger), Ab 1996 Mitglied des Landesvorstands NRW und Beiratsmitglied. <br \/>2003 bis 2009 von der GDBA entsandtes stellvertretendes Mitglied im WDR Rundfunkrat.<\/p>\r\n\r\n\r\n\r\n<p>Juni 1994 bis Anfang 1996 Aufenthalt in New York. Weiterbildung in Tanz, Gesang und Schauspiel. T\u00e4nzerin in der Off-Broadway-Produktion \u201eJ.P. Morgen saves the Nation\u201c von Pulitzerpreistr\u00e4ger Jonathan Larson.<br \/>Seit der R\u00fcckkehr nach Deutschland freiberufliche Arbeit an eigenen Produktionen mit S\u00e4ngern, T\u00e4nzern und Musikern zur amerikanischen Musik von Kurt Weill und Musik von Stephen Sondheim, sowie Choreographien mit dem T\u00e4nzer Daniel Meja und dem Saxophonisten Andreas Laux.<br \/>Neben der k\u00fcnstlerischen Arbeit bereits seit 1994 kontinuierliche Unterrichtsarbeit an Ballettschulen in New York. Seit 1997 Ballettunterricht in Deutschland f\u00fcr verschiedene Projekte und Institutionen f\u00fcr alle Altersstufen und Schwierigkeitsgrade.<br \/>Seit Mitte 2006 eigene Ballettschule in Solingen.<\/p>\r\n","protected":false},"excerpt":{"rendered":"<p>Ira Goyne (stellv. Vorsitzende) 1986 Abitur &#8211; Albert-Einstein Gymnasium, Kaarst Von 1987 bis 1990 Ausbildung in Tanz, Gesang und Schauspiel mit Schwerpunkt Tanz am \u201eDoreen Bird College of Performing Arts\u201c in London. Danach folgten bis 1994 verschiedene Engagements an Theatern und neun Monate Tournee.1991 bis 2011 Mitglied der GDBA (Genossenschaft Deutscher B\u00fchnenangeh\u00f6riger), Ab 1996 Mitglied des Landesvorstands NRW und Beiratsmitglied. 2003 bis 2009 von der GDBA entsandtes stellvertretendes Mitglied im WDR Rundfunkrat. Juni 1994 bis Anfang 1996 Aufenthalt in New York. Weiterbildung in Tanz, Gesang und Schauspiel. T\u00e4nzerin in der Off-Broadway-Produktion \u201eJ.P. Morgen saves the Nation\u201c von Pulitzerpreistr\u00e4ger Jonathan Larson.Seit der R\u00fcckkehr nach Deutschland freiberufliche<a class=\"more-link\" href=\"https:\/\/ioer.org\/?page_id=568\">WEITER \u261e<\/a><\/p>\n","protected":false},"author":1,"featured_media":0,"parent":21,"menu_order":0,"comment_status":"closed","ping_status":"closed","template":"","meta":{"footnotes":""},"class_list":["entry","author-horcrux","post-568","page","type-page","status-publish"],"_links":{"self":[{"href":"https:\/\/ioer.org\/index.php?rest_route=\/wp\/v2\/pages\/568","targetHints":{"allow":["GET"]}}],"collection":[{"href":"https:\/\/ioer.org\/index.php?rest_route=\/wp\/v2\/pages"}],"about":[{"href":"https:\/\/ioer.org\/index.php?rest_route=\/wp\/v2\/types\/page"}],"author":[{"embeddable":true,"href":"https:\/\/ioer.org\/index.php?rest_route=\/wp\/v2\/users\/1"}],"replies":[{"embeddable":true,"href":"https:\/\/ioer.org\/index.php?rest_route=%2Fwp%2Fv2%2Fcomments&post=568"}],"version-history":[{"count":5,"href":"https:\/\/ioer.org\/index.php?rest_route=\/wp\/v2\/pages\/568\/revisions"}],"predecessor-version":[{"id":705,"href":"https:\/\/ioer.org\/index.php?rest_route=\/wp\/v2\/pages\/568\/revisions\/705"}],"up":[{"embeddable":true,"href":"https:\/\/ioer.org\/index.php?rest_route=\/wp\/v2\/pages\/21"}],"wp:attachment":[{"href":"https:\/\/ioer.org\/index.php?rest_route=%2Fwp%2Fv2%2Fmedia&parent=568"}],"curies":[{"name":"wp","href":"https:\/\/api.w.org\/{rel}","templated":true}]}}