{"id":572,"date":"2019-05-05T16:33:14","date_gmt":"2019-05-05T14:33:14","guid":{"rendered":"http:\/\/ioer.org\/?page_id=572"},"modified":"2023-11-17T12:57:44","modified_gmt":"2023-11-17T11:57:44","slug":"bernd-geiss","status":"publish","type":"page","link":"https:\/\/ioer.org\/?page_id=572","title":{"rendered":"Bernd Gei\u00df"},"content":{"rendered":"\n<figure class=\"wp-block-image\"><img loading=\"lazy\" decoding=\"async\" width=\"432\" height=\"679\" src=\"https:\/\/ioer.org\/wp-content\/uploads\/2019\/05\/Geiss-e1557066671127.jpg\" alt=\"Bernd Gei\u00df\" class=\"wp-image-576\"\/><\/figure>\n\n\n\n<h4 class=\"wp-block-heading\">Bernd Gei\u00df<\/h4>\n\n\n\n<p>Geboren 1940 in Flensburg.<\/p>\n\n\n\n<p>Schule, berufliche Ausbildung und berufliche T\u00e4tigkeit (Lithograph) in Offenbach am Main. 1964 Studium der Sozial- und Wirtschaftswissenschaften (Schwerpunkt Sozialpolitik) an der J. W. Goethe-Universit\u00e4t in Frankfurt am Main<br>(1969 Abschluss Diplom-Soziologe).<\/p>\n\n\n\n<p>Referent in der Planungs- und Grundsatzabteilung des Bundesministeriums f\u00fcr Arbeit und Sozialordnung in Bonn (1970\u20131979). Abordnung zur St\u00e4ndigen Deutschen Vertretung bei der OECD in Paris (1974\/75). Botschaftsrat (Arbeit und Soziales) an der Deutschen Botschaft Ankara\/T\u00fcrkei (1979 \u2013 1985). Referent im Arbeitsstab der Ausl\u00e4nderbeauftragten der Bundesregierung und sp\u00e4ter Leiter des Arbeitsstabs (1985-2004).<br>Langj\u00e4hrige Mitarbeit beim CIVIS-Medienpreis (u.a. Mitglied in Fernseh- und Rundfunk-Jurys). <\/p>\n\n\n\n<p>Ehrenamtliche T\u00e4tigkeit:<br>1991 Gr\u00fcndungsmitglied des K\u00f6lner Runden Tisches f\u00fcr Integration und Vorsitzender des F\u00f6rdervereins. Langj\u00e4hriges Mitglied der Lenkungsgruppe der Internationalen Metropolis Konferenz (Themen Migration\/Integration).<br>Mitglied des Interkulturellen Rates, Darmstadt (bis 2017). Mitwirkung bei der Durchf\u00fchrung der Metropolis Konferenz 2008 in Bonn (zusammen mit Integrationsministerium NRW) und des Metropolis Konferenz-Symposiums (zusammen mit Bundesministerium f\u00fcr Arbeit und Soziales) zum Thema \u201eArbeitsmarktintegration von Zugewanderten \u2013 Fl\u00fcchtlinge, Fachkr\u00e4fte und Inklusion\u201c in Berlin 2016.<\/p>\n","protected":false},"excerpt":{"rendered":"<p>Bernd Gei\u00df Geboren 1940 in Flensburg. Schule, berufliche Ausbildung und berufliche T\u00e4tigkeit (Lithograph) in Offenbach am Main. 1964 Studium der Sozial- und Wirtschaftswissenschaften (Schwerpunkt Sozialpolitik) an der J. W. Goethe-Universit\u00e4t in Frankfurt am Main(1969 Abschluss Diplom-Soziologe). Referent in der Planungs- und Grundsatzabteilung des Bundesministeriums f\u00fcr Arbeit und Sozialordnung in Bonn (1970\u20131979). Abordnung zur St\u00e4ndigen Deutschen Vertretung bei der OECD in Paris (1974\/75). Botschaftsrat (Arbeit und Soziales) an der Deutschen Botschaft Ankara\/T\u00fcrkei (1979 \u2013 1985). Referent im Arbeitsstab der Ausl\u00e4nderbeauftragten der Bundesregierung und sp\u00e4ter Leiter des Arbeitsstabs (1985-2004).Langj\u00e4hrige Mitarbeit beim CIVIS-Medienpreis (u.a. Mitglied in Fernseh- und Rundfunk-Jurys). Ehrenamtliche T\u00e4tigkeit:1991 Gr\u00fcndungsmitglied des K\u00f6lner Runden Tisches f\u00fcr Integration<a class=\"more-link\" href=\"https:\/\/ioer.org\/?page_id=572\">WEITER \u261e<\/a><\/p>\n","protected":false},"author":1,"featured_media":0,"parent":21,"menu_order":0,"comment_status":"closed","ping_status":"closed","template":"","meta":{"footnotes":""},"class_list":["entry","author-horcrux","post-572","page","type-page","status-publish"],"_links":{"self":[{"href":"https:\/\/ioer.org\/index.php?rest_route=\/wp\/v2\/pages\/572","targetHints":{"allow":["GET"]}}],"collection":[{"href":"https:\/\/ioer.org\/index.php?rest_route=\/wp\/v2\/pages"}],"about":[{"href":"https:\/\/ioer.org\/index.php?rest_route=\/wp\/v2\/types\/page"}],"author":[{"embeddable":true,"href":"https:\/\/ioer.org\/index.php?rest_route=\/wp\/v2\/users\/1"}],"replies":[{"embeddable":true,"href":"https:\/\/ioer.org\/index.php?rest_route=%2Fwp%2Fv2%2Fcomments&post=572"}],"version-history":[{"count":5,"href":"https:\/\/ioer.org\/index.php?rest_route=\/wp\/v2\/pages\/572\/revisions"}],"predecessor-version":[{"id":995,"href":"https:\/\/ioer.org\/index.php?rest_route=\/wp\/v2\/pages\/572\/revisions\/995"}],"up":[{"embeddable":true,"href":"https:\/\/ioer.org\/index.php?rest_route=\/wp\/v2\/pages\/21"}],"wp:attachment":[{"href":"https:\/\/ioer.org\/index.php?rest_route=%2Fwp%2Fv2%2Fmedia&parent=572"}],"curies":[{"name":"wp","href":"https:\/\/api.w.org\/{rel}","templated":true}]}}