{"id":659,"date":"2019-08-20T07:02:47","date_gmt":"2019-08-20T05:02:47","guid":{"rendered":"http:\/\/ioer.org\/?page_id=659"},"modified":"2019-08-21T13:56:26","modified_gmt":"2019-08-21T11:56:26","slug":"klaus-herrmann","status":"publish","type":"page","link":"https:\/\/ioer.org\/?page_id=659","title":{"rendered":"Klaus Herrmann"},"content":{"rendered":"<h4>Klaus Herrmann<\/h4>\n<p><img loading=\"lazy\" decoding=\"async\" class=\"alignnone wp-image-662 size-medium\" src=\"https:\/\/ioer.org\/wp-content\/uploads\/2019\/08\/Foto-Klaus-Herrmann-200x300.jpg\" alt=\"Klaus Herrmann, \u00a9WDR\/Sachs\" width=\"200\" height=\"300\" srcset=\"https:\/\/ioer.org\/wp-content\/uploads\/2019\/08\/Foto-Klaus-Herrmann-200x300.jpg 200w, https:\/\/ioer.org\/wp-content\/uploads\/2019\/08\/Foto-Klaus-Herrmann-768x1152.jpg 768w, https:\/\/ioer.org\/wp-content\/uploads\/2019\/08\/Foto-Klaus-Herrmann-683x1024.jpg 683w, https:\/\/ioer.org\/wp-content\/uploads\/2019\/08\/Foto-Klaus-Herrmann-367x550.jpg 367w\" sizes=\"auto, (max-width: 200px) 100vw, 200px\" \/><\/p>\n<p>Geboren 1946 in Landshut, verheiratet, wohnhaft in K\u00f6ln.<br \/>\nAbsolvent der Schule F\u00fcr Rundfunktechnik als Staatlich gepr\u00fcfter Tontechniker.<br \/>\nSeit 1966 beim WDR besch\u00e4ftigt, zun\u00e4chst als Techniker, sp\u00e4ter als Tonmeister Technik im Studio Paris und in den Fernsehproduktionsstudios K\u00f6ln.<br \/>\n1983 mit Beginn der Regionalisierung Produktionsgruppenleiter im Landesstudio Dortmund.<br \/>\nAb 1987 Abteilungsleiter der EB- und Filmbearbeitung.<br \/>\n1994 Hauptabteilungsleiter der HA EB- und Filmproduktion.<br \/>\n1999 Hauptabteilungsleiter der HA Herstellung und Zentrale Aufgaben.<br \/>\nAb 2001 bis zur Pensionierung 2010 Stellvertretender Direktor Produktion und Technik.<\/p>\n","protected":false},"excerpt":{"rendered":"<p>Klaus Herrmann Geboren 1946 in Landshut, verheiratet, wohnhaft in K\u00f6ln. Absolvent der Schule F\u00fcr Rundfunktechnik als Staatlich gepr\u00fcfter Tontechniker. Seit 1966 beim WDR besch\u00e4ftigt, zun\u00e4chst als Techniker, sp\u00e4ter als Tonmeister Technik im Studio Paris und in den Fernsehproduktionsstudios K\u00f6ln. 1983 mit Beginn der Regionalisierung Produktionsgruppenleiter im Landesstudio Dortmund. Ab 1987 Abteilungsleiter der EB- und Filmbearbeitung. 1994 Hauptabteilungsleiter der HA EB- und Filmproduktion. 1999 Hauptabteilungsleiter der HA Herstellung und Zentrale Aufgaben. Ab 2001 bis zur Pensionierung 2010 Stellvertretender Direktor Produktion und Technik.<a class=\"more-link\" href=\"https:\/\/ioer.org\/?page_id=659\">WEITER \u261e<\/a><\/p>\n","protected":false},"author":3,"featured_media":0,"parent":21,"menu_order":0,"comment_status":"closed","ping_status":"closed","template":"","meta":{"footnotes":""},"class_list":["entry","author-gberg","post-659","page","type-page","status-publish"],"_links":{"self":[{"href":"https:\/\/ioer.org\/index.php?rest_route=\/wp\/v2\/pages\/659","targetHints":{"allow":["GET"]}}],"collection":[{"href":"https:\/\/ioer.org\/index.php?rest_route=\/wp\/v2\/pages"}],"about":[{"href":"https:\/\/ioer.org\/index.php?rest_route=\/wp\/v2\/types\/page"}],"author":[{"embeddable":true,"href":"https:\/\/ioer.org\/index.php?rest_route=\/wp\/v2\/users\/3"}],"replies":[{"embeddable":true,"href":"https:\/\/ioer.org\/index.php?rest_route=%2Fwp%2Fv2%2Fcomments&post=659"}],"version-history":[{"count":4,"href":"https:\/\/ioer.org\/index.php?rest_route=\/wp\/v2\/pages\/659\/revisions"}],"predecessor-version":[{"id":666,"href":"https:\/\/ioer.org\/index.php?rest_route=\/wp\/v2\/pages\/659\/revisions\/666"}],"up":[{"embeddable":true,"href":"https:\/\/ioer.org\/index.php?rest_route=\/wp\/v2\/pages\/21"}],"wp:attachment":[{"href":"https:\/\/ioer.org\/index.php?rest_route=%2Fwp%2Fv2%2Fmedia&parent=659"}],"curies":[{"name":"wp","href":"https:\/\/api.w.org\/{rel}","templated":true}]}}