{"id":829,"date":"2021-04-22T18:00:29","date_gmt":"2021-04-22T16:00:29","guid":{"rendered":"https:\/\/ioer.org\/?page_id=829"},"modified":"2021-04-24T18:22:08","modified_gmt":"2021-04-24T16:22:08","slug":"juergen-betz","status":"publish","type":"page","link":"https:\/\/ioer.org\/?page_id=829","title":{"rendered":"J\u00fcrgen Betz"},"content":{"rendered":"\n\n\n<figure class=\"wp-block-image size-large is-resized\"><img loading=\"lazy\" decoding=\"async\" src=\"https:\/\/ioer.org\/wp-content\/uploads\/2021\/04\/betz-juergen-2016.jpg\" alt=\"\" class=\"wp-image-837\" width=\"315\" height=\"420\" srcset=\"https:\/\/ioer.org\/wp-content\/uploads\/2021\/04\/betz-juergen-2016.jpg 630w, https:\/\/ioer.org\/wp-content\/uploads\/2021\/04\/betz-juergen-2016-225x300.jpg 225w, https:\/\/ioer.org\/wp-content\/uploads\/2021\/04\/betz-juergen-2016-413x550.jpg 413w\" sizes=\"auto, (max-width: 315px) 100vw, 315px\" \/><\/figure>\n\n\n\n<p>Geboren 14.7.1953<\/p>\n\n\n\n<p>1974 &#8211; 1979 Studium der Rechtswissenschaften an der Johann Wolfgang Goethe-Universit\u00e4t in Frankfurt a.M., 1. Staatsexamen im Juni 1979<\/p>\n\n\n\n<p>1979 &#8211; 1981 Rechtsreferendar in Frankfurt und Hanau, 2. Staatsexamen im Dezember 1981<\/p>\n\n\n\n<p>Februar 1982 Beginn der T\u00e4tigkeit im Justitiariat des Hessischen Rundfunks (hr)<\/p>\n\n\n\n<p>1983 &#8211; 1992 Abteilungsleiter \u00d6ffentliches Recht im hr<\/p>\n\n\n\n<p>1992 &#8211; 2007 Bereichsleiter Recht und Steuern im hr<\/p>\n\n\n\n<p>2008 &#8211; 2017 Juristischer Direktor des hr, Mitglied der Gesch\u00e4ftsleitung und zust\u00e4ndig f\u00fcr den Personalbereich, den Bereich Recht und Steuern, Honorare und Lizenzen und die Rundfunkgeb\u00fchrenabteilung<\/p>\n\n\n\n<p>1.2.2017 Pensionierung<\/p>\n\n\n\n<p>Seit 2019 Mitglied in der Historischen Kommission der ARD<\/p>\n\n\n\n<p>Seit 2018 ehrenamtliche T\u00e4tigkeiten im kirchlichen und caritativen Bereich<\/p>\n\n\n\n<p>Diverse Ver\u00f6ffentlichungen zum Rundfunkrecht in Media Perspektiven, epd medien und der Medienkorrespondenz<\/p>\n","protected":false},"excerpt":{"rendered":"<p>Geboren 14.7.1953 1974 &#8211; 1979 Studium der Rechtswissenschaften an der Johann Wolfgang Goethe-Universit\u00e4t in Frankfurt a.M., 1. Staatsexamen im Juni 1979 1979 &#8211; 1981 Rechtsreferendar in Frankfurt und Hanau, 2. Staatsexamen im Dezember 1981 Februar 1982 Beginn der T\u00e4tigkeit im Justitiariat des Hessischen Rundfunks (hr) 1983 &#8211; 1992 Abteilungsleiter \u00d6ffentliches Recht im hr 1992 &#8211; 2007 Bereichsleiter Recht und Steuern im hr 2008 &#8211; 2017 Juristischer Direktor des hr, Mitglied der Gesch\u00e4ftsleitung und zust\u00e4ndig f\u00fcr den Personalbereich, den Bereich Recht und Steuern, Honorare und Lizenzen und die Rundfunkgeb\u00fchrenabteilung 1.2.2017 Pensionierung Seit 2019 Mitglied in der Historischen Kommission der ARD Seit 2018 ehrenamtliche T\u00e4tigkeiten im kirchlichen<a class=\"more-link\" href=\"https:\/\/ioer.org\/?page_id=829\">WEITER \u261e<\/a><\/p>\n","protected":false},"author":3,"featured_media":0,"parent":21,"menu_order":0,"comment_status":"closed","ping_status":"closed","template":"","meta":{"footnotes":""},"class_list":["entry","author-gberg","post-829","page","type-page","status-publish"],"_links":{"self":[{"href":"https:\/\/ioer.org\/index.php?rest_route=\/wp\/v2\/pages\/829","targetHints":{"allow":["GET"]}}],"collection":[{"href":"https:\/\/ioer.org\/index.php?rest_route=\/wp\/v2\/pages"}],"about":[{"href":"https:\/\/ioer.org\/index.php?rest_route=\/wp\/v2\/types\/page"}],"author":[{"embeddable":true,"href":"https:\/\/ioer.org\/index.php?rest_route=\/wp\/v2\/users\/3"}],"replies":[{"embeddable":true,"href":"https:\/\/ioer.org\/index.php?rest_route=%2Fwp%2Fv2%2Fcomments&post=829"}],"version-history":[{"count":3,"href":"https:\/\/ioer.org\/index.php?rest_route=\/wp\/v2\/pages\/829\/revisions"}],"predecessor-version":[{"id":839,"href":"https:\/\/ioer.org\/index.php?rest_route=\/wp\/v2\/pages\/829\/revisions\/839"}],"up":[{"embeddable":true,"href":"https:\/\/ioer.org\/index.php?rest_route=\/wp\/v2\/pages\/21"}],"wp:attachment":[{"href":"https:\/\/ioer.org\/index.php?rest_route=%2Fwp%2Fv2%2Fmedia&parent=829"}],"curies":[{"name":"wp","href":"https:\/\/api.w.org\/{rel}","templated":true}]}}