{"id":871,"date":"2021-10-14T17:56:30","date_gmt":"2021-10-14T15:56:30","guid":{"rendered":"https:\/\/ioer.org\/?page_id=871"},"modified":"2021-10-14T18:00:19","modified_gmt":"2021-10-14T16:00:19","slug":"michael-kroemer","status":"publish","type":"page","link":"https:\/\/ioer.org\/?page_id=871","title":{"rendered":"Michael Kroemer"},"content":{"rendered":"\n<h4 class=\"wp-block-heading\"><strong>Michael Kroemer<\/strong><\/h4>\n\n\n\n<figure class=\"wp-block-image size-full\"><img loading=\"lazy\" decoding=\"async\" width=\"219\" height=\"316\" src=\"https:\/\/ioer.org\/wp-content\/uploads\/2021\/10\/michaelKroemer.jpg\" alt=\"\" class=\"wp-image-873\" srcset=\"https:\/\/ioer.org\/wp-content\/uploads\/2021\/10\/michaelKroemer.jpg 219w, https:\/\/ioer.org\/wp-content\/uploads\/2021\/10\/michaelKroemer-208x300.jpg 208w\" sizes=\"auto, (max-width: 219px) 100vw, 219px\" \/><\/figure>\n\n\n\n<p>Michael Kroemer geb. am 15. August 1949 in Wuppertal-Elberfeld. Den Journalismus lernte er von der Pike auf: 1968 \u2013 1970 Redaktionsvolontariat im Staats-Verlag W. Berg KG, erstes Jahr beim Wuppertaler Stadt-Anzeiger (1974 eingestellt), zweites Jahr in der Mantelredaktion der L\u00fcdenscheider Nachrichten; Volont\u00e4rkurs bei der Christlichen Presse-Akademie (CPA), Bad Boll; 1970 \u2013 1971 Redakteur beim General-Anzeiger der Stadt Wuppertal. 1971 \u2013 1975 freier Journalist (f\u00fcr Tageszeitungen, u.a. Westdeutsche Zeitung, Zeitschriften, Agenturen, Schwerpunkt PR- und Werbeagenturen, PR f\u00fcr Institutionen, u.a. Technische Akademie Wuppertal, Deutsche Verkehrswacht, Lebenshilfe f\u00fcr geistig Behinderte; 1975 \u2013 1977 Redakteur bei der Westdeutschen Zeitung, Wuppertal; 1977 bis 2012 Pressesprecher der Gesamthochschule Wuppertal, seit 2003 Bergische Universit\u00e4t Wuppertal.<\/p>\n\n\n\n<p>Ehrenamtlich war Kroemer u.a. von 1982 \u2013 1984 Mitglied des Rates der Stadt Wuppertal, von 1981 bis 2003 Mitglied im NRW-Landesvorstand des Deutschen Journalisten-Verbandes, 1989 \u2013 2003 DJV-Landesvorsitzender NRW. 2004 wurde er Ehrenmitglied des DJV-NRW, 2012 Ehrenmitglied des Bundes-DJV. Zur Reihe der ehrenamtlichen Funktionen z\u00e4hlt, dass er 12 Jahre lang ehrenamtlicher Richter am Finanzgericht D\u00fcsseldorf war.<\/p>\n\n\n\n<p>Von 1985 bis 2000 war Kroemer Mitglied des WDR-Rundfunkrates (entsandt von DJV und dju\/IG Medien NRW), ab 2000 dann Mitglied des WDR-Verwaltungsrates,<br>1986 \u2013 2018 Mitglied des Aufsichtsrates der Westdeutschen Rundfunkwerbung WWF GmbH, seit 2004 WDR media group, 2013 \u2013 2017 Mitglied des Aufsichtsrats der Bavaria Film GmbH.<\/p>\n\n\n\n<p>F\u00fcr seine Verdienste in der Medienpolitik wurde ihm 2021 das Bundesverdienstkreuz am Bande verliehen.<\/p>\n\n\n\n<p>Michael Kroemer ist verheiratet mit Katrin Kroemer, Journalistin, bis 2013 Redakteurin der Westf\u00e4lischen Rundschau, Dortmund, seither freiberuflich t\u00e4tig, u.a. als Chefredakteurin des TOP MAGAZINS RUHR. Sie ist Mitglied im DJV-Landesvorstand NRW sowie des DJV-Bundesvorstandes. Ferner geh\u00f6rt sie dem ZDF-Fernsehrat (als Mitglied des Pr\u00e4sidiums) sowie dem Programmbeirat von ARTE Deutschland an.<\/p>\n\n\n\n<p>Katrin und Michael Kroemer haben zwei Kinder, Paul Alexander, Marketingleiter eines Essener Unternehmens, und Lina Maria, stud.jur.<\/p>\n","protected":false},"excerpt":{"rendered":"<p>Michael Kroemer Michael Kroemer geb. am 15. August 1949 in Wuppertal-Elberfeld. Den Journalismus lernte er von der Pike auf: 1968 \u2013 1970 Redaktionsvolontariat im Staats-Verlag W. Berg KG, erstes Jahr beim Wuppertaler Stadt-Anzeiger (1974 eingestellt), zweites Jahr in der Mantelredaktion der L\u00fcdenscheider Nachrichten; Volont\u00e4rkurs bei der Christlichen Presse-Akademie (CPA), Bad Boll; 1970 \u2013 1971 Redakteur beim General-Anzeiger der Stadt Wuppertal. 1971 \u2013 1975 freier Journalist (f\u00fcr Tageszeitungen, u.a. Westdeutsche Zeitung, Zeitschriften, Agenturen, Schwerpunkt PR- und Werbeagenturen, PR f\u00fcr Institutionen, u.a. Technische Akademie Wuppertal, Deutsche Verkehrswacht, Lebenshilfe f\u00fcr geistig Behinderte; 1975 \u2013 1977 Redakteur bei der Westdeutschen Zeitung, Wuppertal; 1977 bis 2012 Pressesprecher der Gesamthochschule Wuppertal,<a class=\"more-link\" href=\"https:\/\/ioer.org\/?page_id=871\">WEITER \u261e<\/a><\/p>\n","protected":false},"author":3,"featured_media":0,"parent":21,"menu_order":0,"comment_status":"closed","ping_status":"closed","template":"","meta":{"footnotes":""},"class_list":["entry","author-gberg","post-871","page","type-page","status-publish"],"_links":{"self":[{"href":"https:\/\/ioer.org\/index.php?rest_route=\/wp\/v2\/pages\/871","targetHints":{"allow":["GET"]}}],"collection":[{"href":"https:\/\/ioer.org\/index.php?rest_route=\/wp\/v2\/pages"}],"about":[{"href":"https:\/\/ioer.org\/index.php?rest_route=\/wp\/v2\/types\/page"}],"author":[{"embeddable":true,"href":"https:\/\/ioer.org\/index.php?rest_route=\/wp\/v2\/users\/3"}],"replies":[{"embeddable":true,"href":"https:\/\/ioer.org\/index.php?rest_route=%2Fwp%2Fv2%2Fcomments&post=871"}],"version-history":[{"count":2,"href":"https:\/\/ioer.org\/index.php?rest_route=\/wp\/v2\/pages\/871\/revisions"}],"predecessor-version":[{"id":874,"href":"https:\/\/ioer.org\/index.php?rest_route=\/wp\/v2\/pages\/871\/revisions\/874"}],"up":[{"embeddable":true,"href":"https:\/\/ioer.org\/index.php?rest_route=\/wp\/v2\/pages\/21"}],"wp:attachment":[{"href":"https:\/\/ioer.org\/index.php?rest_route=%2Fwp%2Fv2%2Fmedia&parent=871"}],"curies":[{"name":"wp","href":"https:\/\/api.w.org\/{rel}","templated":true}]}}